{"id":1473,"date":"2023-05-17T09:03:07","date_gmt":"2023-05-17T09:03:07","guid":{"rendered":"https:\/\/www.goennheimer.de\/?page_id=1473"},"modified":"2025-11-11T09:58:34","modified_gmt":"2025-11-11T08:58:34","slug":"karriere","status":"publish","type":"page","link":"https:\/\/www.goennheimer.de\/en\/karriere\/","title":{"rendered":"Working at G\u00f6nnheimer"},"content":{"rendered":"<div data-elementor-type=\"wp-page\" data-elementor-id=\"1473\" class=\"elementor elementor-1473\" data-elementor-post-type=\"page\">\n\t\t\t\t\t\t<section class=\"elementor-section elementor-top-section elementor-element elementor-element-31688d17 elementor-section-boxed elementor-section-height-default elementor-section-height-default\" data-id=\"31688d17\" data-element_type=\"section\" data-e-type=\"section\">\n\t\t\t\t\t\t<div class=\"elementor-container elementor-column-gap-default\">\n\t\t\t\t\t<div class=\"elementor-column elementor-col-100 elementor-top-column elementor-element elementor-element-25672ad7\" data-id=\"25672ad7\" data-element_type=\"column\" data-e-type=\"column\">\n\t\t\t<div class=\"elementor-widget-wrap elementor-element-populated\">\n\t\t\t\t\t\t\t<\/div>\n\t\t<\/div>\n\t\t\t\t\t<\/div>\n\t\t<\/section>\n\t\t\t\t<section class=\"elementor-section elementor-top-section elementor-element elementor-element-5d17ccb elementor-section-boxed elementor-section-height-default elementor-section-height-default\" data-id=\"5d17ccb\" data-element_type=\"section\" data-e-type=\"section\">\n\t\t\t\t\t\t<div class=\"elementor-container elementor-column-gap-default\">\n\t\t\t\t\t<div class=\"elementor-column elementor-col-50 elementor-top-column elementor-element elementor-element-ef5e5c6\" data-id=\"ef5e5c6\" data-element_type=\"column\" data-e-type=\"column\">\n\t\t\t<div class=\"elementor-widget-wrap elementor-element-populated\">\n\t\t\t\t\t\t<div class=\"elementor-element elementor-element-8ddbf8e elementor-widget__width-initial elementor-widget elementor-widget-image\" data-id=\"8ddbf8e\" data-element_type=\"widget\" data-e-type=\"widget\" data-widget_type=\"image.default\">\n\t\t\t\t<div class=\"elementor-widget-container\">\n\t\t\t\t\t\t\t\t\t\t\t\t\t\t\t<img fetchpriority=\"high\" decoding=\"async\" width=\"628\" height=\"492\" src=\"https:\/\/www.goennheimer.de\/wp-content\/uploads\/2023\/06\/luftbild-goennheimer.png\" class=\"attachment-large size-large wp-image-2035\" alt=\"\" srcset=\"https:\/\/www.goennheimer.de\/wp-content\/uploads\/2023\/06\/luftbild-goennheimer.png 628w, https:\/\/www.goennheimer.de\/wp-content\/uploads\/2023\/06\/luftbild-goennheimer-300x235.png 300w, https:\/\/www.goennheimer.de\/wp-content\/uploads\/2023\/06\/luftbild-goennheimer-15x12.png 15w\" sizes=\"(max-width: 628px) 100vw, 628px\" \/>\t\t\t\t\t\t\t\t\t\t\t\t\t\t\t<\/div>\n\t\t\t\t<\/div>\n\t\t\t\t\t<\/div>\n\t\t<\/div>\n\t\t\t\t<div class=\"elementor-column elementor-col-50 elementor-top-column elementor-element elementor-element-aa5b85b\" data-id=\"aa5b85b\" data-element_type=\"column\" data-e-type=\"column\">\n\t\t\t<div class=\"elementor-widget-wrap elementor-element-populated\">\n\t\t\t\t\t\t<div class=\"elementor-element elementor-element-73dbdd4 elementor-widget elementor-widget-text-editor\" data-id=\"73dbdd4\" data-element_type=\"widget\" data-e-type=\"widget\" data-widget_type=\"text-editor.default\">\n\t\t\t\t<div class=\"elementor-widget-container\">\n\t\t\t\t\t\t\t\t\t<p>We are a renowned medium-sized family business producing explosion-protected automation technology for global customers in the chemical, pharmaceutical, oil &amp; gas and mechanical and plant engineering sectors.<\/p><p>We are always looking for committed and qualified applicants in various areas to strengthen our team and are also happy to receive unsolicited applications.<\/p><p>\u00a0<\/p><p><strong>Please send your application to:<\/strong><\/p><p>G\u00f6nnheimer Elektronic GmbH<br \/>HR department<br \/>Dr.-Julius-Leber-Str. 2<br \/>67433 Neustadt, Germany<\/p><p>or via email to:<br \/><strong>bewerbung@goennheimer.de<\/strong><\/p>\t\t\t\t\t\t\t\t<\/div>\n\t\t\t\t<\/div>\n\t\t\t\t\t<\/div>\n\t\t<\/div>\n\t\t\t\t\t<\/div>\n\t\t<\/section>\n\t\t\t\t<section class=\"elementor-section elementor-top-section elementor-element elementor-element-d3ba1a0 elementor-section-boxed elementor-section-height-default elementor-section-height-default\" data-id=\"d3ba1a0\" data-element_type=\"section\" data-e-type=\"section\">\n\t\t\t\t\t\t<div class=\"elementor-container elementor-column-gap-default\">\n\t\t\t\t\t<div class=\"elementor-column elementor-col-100 elementor-top-column elementor-element elementor-element-e54ad20\" data-id=\"e54ad20\" data-element_type=\"column\" data-e-type=\"column\">\n\t\t\t<div class=\"elementor-widget-wrap elementor-element-populated\">\n\t\t\t\t\t\t<div class=\"elementor-element elementor-element-6fb525d elementor-widget elementor-widget-text-editor\" data-id=\"6fb525d\" data-element_type=\"widget\" data-e-type=\"widget\" data-widget_type=\"text-editor.default\">\n\t\t\t\t<div class=\"elementor-widget-container\">\n\t\t\t\t\t\t\t\t\t<p><strong>Current vacancies:<\/strong><\/p>\t\t\t\t\t\t\t\t<\/div>\n\t\t\t\t<\/div>\n\t\t\t\t<div class=\"elementor-element elementor-element-35d6098 elementor-widget elementor-widget-pp-advanced-accordion\" data-id=\"35d6098\" data-element_type=\"widget\" data-e-type=\"widget\" data-settings=\"{&quot;accordion_type&quot;:&quot;toggle&quot;,&quot;toggle_speed&quot;:300}\" data-widget_type=\"pp-advanced-accordion.default\">\n\t\t\t\t<div class=\"elementor-widget-container\">\n\t\t\t\t\t\t\t<div class=\"pp-advanced-accordion pp-toggle-icon-align-left\" id=\"pp-advanced-accordion-35d6098\" data-accordion-id=\"35d6098\" role=\"tablist\">\n\t\t\t\t\t\t\t<div class=\"pp-accordion-item\">\n\t\t\t\t\t\t\t\t\t\t<div id=\"pp-accordion-tab-title-5641\" class=\"pp-accordion-tab-title\" tabindex=\"0\" data-tab=\"1\" role=\"tab\" aria-controls=\"pp-accordion-tab-content-5641\" aria-expanded=\"false\">\n\t\t\t\t\t\t<span class=\"pp-accordion-title-icon\">\n\t\t\t\t\t\t\t\t\t\t\t\t\t\t<span class=\"pp-accordion-title-text\">\n\t\t\t\t\t\t\t\tElektroniker, Mechaniker &amp; Mechatroniker (m\/w\/d) \t\t\t\t\t\t\t<\/span>\n\t\t\t\t\t\t<\/span>\n\t\t\t\t\t\t\t\t\t\t\t\t\t<div class=\"pp-accordion-toggle-icon\">\n\t\t\t\t\t\t\t\t\t\t\t\t\t\t\t\t\t<span class='pp-accordion-toggle-icon-close pp-icon'>\n\t\t\t\t\t\t\t\t\t\t<i aria-hidden=\"true\" class=\"fas fa-angle-right\"><\/i>\t\t\t\t\t\t\t\t\t<\/span>\n\t\t\t\t\t\t\t\t\t\t\t\t\t\t\t\t\t\t\t\t\t\t\t\t\t<span class='pp-accordion-toggle-icon-open pp-icon'>\n\t\t\t\t\t\t\t\t\t\t<i aria-hidden=\"true\" class=\"fas fa-angle-up\"><\/i>\t\t\t\t\t\t\t\t\t<\/span>\n\t\t\t\t\t\t\t\t\t\t\t\t\t\t\t<\/div>\n\t\t\t\t\t\t\t\t\t\t\t<\/div>\n\n\t\t\t\t\t<div id=\"pp-accordion-tab-content-5641\" class=\"pp-accordion-tab-content\" data-tab=\"1\" role=\"tabpanel\" aria-labelledby=\"pp-accordion-tab-title-5641\">\n\t\t\t\t\t\t\t\t<div data-elementor-type=\"section\" data-elementor-id=\"1487\" class=\"elementor elementor-1487\" data-elementor-post-type=\"elementor_library\">\n\t\t\t\t\t<section class=\"elementor-section elementor-top-section elementor-element elementor-element-6649d87b elementor-section-boxed elementor-section-height-default elementor-section-height-default\" data-id=\"6649d87b\" data-element_type=\"section\" data-e-type=\"section\">\n\t\t\t\t\t\t<div class=\"elementor-container elementor-column-gap-default\">\n\t\t\t\t\t<div class=\"elementor-column elementor-col-100 elementor-top-column elementor-element elementor-element-7d6ac3a3\" data-id=\"7d6ac3a3\" data-element_type=\"column\" data-e-type=\"column\">\n\t\t\t<div class=\"elementor-widget-wrap elementor-element-populated\">\n\t\t\t\t\t\t<div class=\"elementor-element elementor-element-76978b43 elementor-widget elementor-widget-heading\" data-id=\"76978b43\" data-element_type=\"widget\" data-e-type=\"widget\" data-widget_type=\"heading.default\">\n\t\t\t\t<div class=\"elementor-widget-container\">\n\t\t\t\t\t<h2 class=\"elementor-heading-title elementor-size-default\">Elektroniker, Mechaniker &amp; Mechatroniker<\/h2>\t\t\t\t<\/div>\n\t\t\t\t<\/div>\n\t\t\t\t<div class=\"elementor-element elementor-element-2f7f9960 elementor-widget elementor-widget-heading\" data-id=\"2f7f9960\" data-element_type=\"widget\" data-e-type=\"widget\" data-widget_type=\"heading.default\">\n\t\t\t\t<div class=\"elementor-widget-container\">\n\t\t\t\t\t<div class=\"elementor-heading-title elementor-size-default\">(m\/w\/d)<\/div>\t\t\t\t<\/div>\n\t\t\t\t<\/div>\n\t\t\t\t<div class=\"elementor-element elementor-element-148c9971 elementor-widget elementor-widget-text-editor\" data-id=\"148c9971\" data-element_type=\"widget\" data-e-type=\"widget\" data-widget_type=\"text-editor.default\">\n\t\t\t\t<div class=\"elementor-widget-container\">\n\t\t\t\t\t\t\t\t\t<p><strong>Ihre T\u00e4tigkeit:<\/strong><\/p><ul><li>Elektrische und mechanische Fertigung explosionsgesch\u00fctzter MSR-Elektronik, Ger\u00e4te und Schaltanlagen<\/li><li>Pr\u00fcfung, Konfiguration und Inbetriebnahme der aufgebauten Systeme<\/li><li>Ger\u00e4teinstandsetzung<\/li><\/ul><p><strong><br \/>Ihr Profil:<\/strong><\/p><ul><li>Praktische Kenntnisse im Bereich Elektronik und Mechanik<\/li><li>F\u00e4higkeit, Aufgabenstellungen schnell zu erfassen, L\u00f6sungen zu erarbeiten und selbstst\u00e4ndig umzusetzen<\/li><li>Teamplayer\/in mit Einsatzbereitschaft, Flexibilit\u00e4t, Sorgfalt und Begeisterung f\u00fcr neue Herausforderungen<\/li><\/ul><p><strong><br \/>Wir bieten Ihnen:<\/strong><\/p><ul><li>Die M\u00f6glichkeit zum eigenverantwortlichen Arbeiten<\/li><li>Flexible Arbeitszeiten<\/li><li>Eine langfristige, krisensichere Besch\u00e4ftigung in einem etablierten, familiengef\u00fchrten Unternehmen<\/li><li>Urlaubs- und Weihnachtsgeld<\/li><\/ul><p>\u00a0<\/p><div>\u00a0<\/div><div><strong>Bei Interesse oder Fragen zur Stelle sprechen Sie uns gerne an!<\/strong><\/div>\t\t\t\t\t\t\t\t<\/div>\n\t\t\t\t<\/div>\n\t\t\t\t\t<\/div>\n\t\t<\/div>\n\t\t\t\t\t<\/div>\n\t\t<\/section>\n\t\t\t\t<\/div>\n\t\t\t\t\t\t\t<\/div>\n\t\t\t\t<\/div>\n\t\t\t\t\t\t\t<div class=\"pp-accordion-item\">\n\t\t\t\t\t\t\t\t\t\t<div id=\"pp-accordion-tab-title-5642\" class=\"pp-accordion-tab-title\" tabindex=\"0\" data-tab=\"2\" role=\"tab\" aria-controls=\"pp-accordion-tab-content-5642\" aria-expanded=\"false\">\n\t\t\t\t\t\t<span class=\"pp-accordion-title-icon\">\n\t\t\t\t\t\t\t\t\t\t\t\t\t\t<span class=\"pp-accordion-title-text\">\n\t\t\t\t\t\t\t\tVertriebsau\u00dfendienst (m\/w\/d)\t\t\t\t\t\t\t<\/span>\n\t\t\t\t\t\t<\/span>\n\t\t\t\t\t\t\t\t\t\t\t\t\t<div class=\"pp-accordion-toggle-icon\">\n\t\t\t\t\t\t\t\t\t\t\t\t\t\t\t\t\t<span class='pp-accordion-toggle-icon-close pp-icon'>\n\t\t\t\t\t\t\t\t\t\t<i aria-hidden=\"true\" class=\"fas fa-angle-right\"><\/i>\t\t\t\t\t\t\t\t\t<\/span>\n\t\t\t\t\t\t\t\t\t\t\t\t\t\t\t\t\t\t\t\t\t\t\t\t\t<span class='pp-accordion-toggle-icon-open pp-icon'>\n\t\t\t\t\t\t\t\t\t\t<i aria-hidden=\"true\" class=\"fas fa-angle-up\"><\/i>\t\t\t\t\t\t\t\t\t<\/span>\n\t\t\t\t\t\t\t\t\t\t\t\t\t\t\t<\/div>\n\t\t\t\t\t\t\t\t\t\t\t<\/div>\n\n\t\t\t\t\t<div id=\"pp-accordion-tab-content-5642\" class=\"pp-accordion-tab-content\" data-tab=\"2\" role=\"tabpanel\" aria-labelledby=\"pp-accordion-tab-title-5642\">\n\t\t\t\t\t\t\t\t<div data-elementor-type=\"section\" data-elementor-id=\"1475\" class=\"elementor elementor-1475\" data-elementor-post-type=\"elementor_library\">\n\t\t\t\t\t<section class=\"elementor-section elementor-top-section elementor-element elementor-element-6649d87b elementor-section-boxed elementor-section-height-default elementor-section-height-default\" data-id=\"6649d87b\" data-element_type=\"section\" data-e-type=\"section\">\n\t\t\t\t\t\t<div class=\"elementor-container elementor-column-gap-default\">\n\t\t\t\t\t<div class=\"elementor-column elementor-col-100 elementor-top-column elementor-element elementor-element-7d6ac3a3\" data-id=\"7d6ac3a3\" data-element_type=\"column\" data-e-type=\"column\">\n\t\t\t<div class=\"elementor-widget-wrap elementor-element-populated\">\n\t\t\t\t\t\t<div class=\"elementor-element elementor-element-76978b43 elementor-widget elementor-widget-heading\" data-id=\"76978b43\" data-element_type=\"widget\" data-e-type=\"widget\" data-widget_type=\"heading.default\">\n\t\t\t\t<div class=\"elementor-widget-container\">\n\t\t\t\t\t<h2 class=\"elementor-heading-title elementor-size-default\">Vertriebsau\u00dfendienst<\/h2>\t\t\t\t<\/div>\n\t\t\t\t<\/div>\n\t\t\t\t<div class=\"elementor-element elementor-element-2f7f9960 elementor-widget elementor-widget-heading\" data-id=\"2f7f9960\" data-element_type=\"widget\" data-e-type=\"widget\" data-widget_type=\"heading.default\">\n\t\t\t\t<div class=\"elementor-widget-container\">\n\t\t\t\t\t<div class=\"elementor-heading-title elementor-size-default\">(m\/w\/d)<\/div>\t\t\t\t<\/div>\n\t\t\t\t<\/div>\n\t\t\t\t<div class=\"elementor-element elementor-element-148c9971 elementor-widget elementor-widget-text-editor\" data-id=\"148c9971\" data-element_type=\"widget\" data-e-type=\"widget\" data-widget_type=\"text-editor.default\">\n\t\t\t\t<div class=\"elementor-widget-container\">\n\t\t\t\t\t\t\t\t\t<p>f\u00fcr den Vertrieb unserer Produkte sowie die Pflege der Kundenkontakte im Inland<\/p>\n<p><strong>Ihr Profil:<\/strong><\/p>\n<ul>\n<li>Fundierte Kenntnisse im Bereich Elektrotechnik \/ industrielle Automatisierungstechnik<\/li>\n<li>Sicheres, sympathisches Auftreten<\/li>\n<li>Strukturierte und organisierte Arbeitsweise<\/li>\n<li>Reisebereitschaft im gesamten Bundesgebiet<\/li>\n<\/ul>\n<p><strong>Wir bieten Ihnen:<\/strong><\/p>\n<ul>\n<li>Eigenverantwortliches Arbeiten sowie flexible Arbeitszeiten<\/li>\n<li>Eine langfristige, krisensichere Besch\u00e4ftigung in einem etablierten, familiengef\u00fchrten Unternehmen<\/li>\n<li>Flexible Arbeitszeiten<\/li>\n<li>Firmenfahrzeug, auch zur privaten Nutzung<\/li>\n<\/ul>\n<div>&nbsp;<\/div><div><br><\/div>\n<div><strong>Bei Interesse oder Fragen zur Stelle sprechen Sie uns gerne an!<\/strong><\/div>\t\t\t\t\t\t\t\t<\/div>\n\t\t\t\t<\/div>\n\t\t\t\t\t<\/div>\n\t\t<\/div>\n\t\t\t\t\t<\/div>\n\t\t<\/section>\n\t\t\t\t<\/div>\n\t\t\t\t\t\t\t<\/div>\n\t\t\t\t<\/div>\n\t\t\t\t\t\t\t<div class=\"pp-accordion-item\">\n\t\t\t\t\t\t\t\t\t\t<div id=\"pp-accordion-tab-title-5643\" class=\"pp-accordion-tab-title\" tabindex=\"0\" data-tab=\"3\" role=\"tab\" aria-controls=\"pp-accordion-tab-content-5643\" aria-expanded=\"false\">\n\t\t\t\t\t\t<span class=\"pp-accordion-title-icon\">\n\t\t\t\t\t\t\t\t\t\t\t\t\t\t<span class=\"pp-accordion-title-text\">\n\t\t\t\t\t\t\t\tEntwicklungsingenieure Elektronik (Dipl.-Ing. \/ Master) (m\/w\/d)\t\t\t\t\t\t\t<\/span>\n\t\t\t\t\t\t<\/span>\n\t\t\t\t\t\t\t\t\t\t\t\t\t<div class=\"pp-accordion-toggle-icon\">\n\t\t\t\t\t\t\t\t\t\t\t\t\t\t\t\t\t<span class='pp-accordion-toggle-icon-close pp-icon'>\n\t\t\t\t\t\t\t\t\t\t<i aria-hidden=\"true\" class=\"fas fa-angle-right\"><\/i>\t\t\t\t\t\t\t\t\t<\/span>\n\t\t\t\t\t\t\t\t\t\t\t\t\t\t\t\t\t\t\t\t\t\t\t\t\t<span class='pp-accordion-toggle-icon-open pp-icon'>\n\t\t\t\t\t\t\t\t\t\t<i aria-hidden=\"true\" class=\"fas fa-angle-up\"><\/i>\t\t\t\t\t\t\t\t\t<\/span>\n\t\t\t\t\t\t\t\t\t\t\t\t\t\t\t<\/div>\n\t\t\t\t\t\t\t\t\t\t\t<\/div>\n\n\t\t\t\t\t<div id=\"pp-accordion-tab-content-5643\" class=\"pp-accordion-tab-content\" data-tab=\"3\" role=\"tabpanel\" aria-labelledby=\"pp-accordion-tab-title-5643\">\n\t\t\t\t\t\t\t\t<div data-elementor-type=\"section\" data-elementor-id=\"1494\" class=\"elementor elementor-1494\" data-elementor-post-type=\"elementor_library\">\n\t\t\t\t\t<section class=\"elementor-section elementor-top-section elementor-element elementor-element-6649d87b elementor-section-boxed elementor-section-height-default elementor-section-height-default\" data-id=\"6649d87b\" data-element_type=\"section\" data-e-type=\"section\">\n\t\t\t\t\t\t<div class=\"elementor-container elementor-column-gap-default\">\n\t\t\t\t\t<div class=\"elementor-column elementor-col-100 elementor-top-column elementor-element elementor-element-7d6ac3a3\" data-id=\"7d6ac3a3\" data-element_type=\"column\" data-e-type=\"column\">\n\t\t\t<div class=\"elementor-widget-wrap elementor-element-populated\">\n\t\t\t\t\t\t<div class=\"elementor-element elementor-element-76978b43 elementor-widget elementor-widget-heading\" data-id=\"76978b43\" data-element_type=\"widget\" data-e-type=\"widget\" data-widget_type=\"heading.default\">\n\t\t\t\t<div class=\"elementor-widget-container\">\n\t\t\t\t\t<h2 class=\"elementor-heading-title elementor-size-default\">Entwicklungsingenieure Elektronik<\/h2>\t\t\t\t<\/div>\n\t\t\t\t<\/div>\n\t\t\t\t<div class=\"elementor-element elementor-element-2f7f9960 elementor-widget elementor-widget-heading\" data-id=\"2f7f9960\" data-element_type=\"widget\" data-e-type=\"widget\" data-widget_type=\"heading.default\">\n\t\t\t\t<div class=\"elementor-widget-container\">\n\t\t\t\t\t<div class=\"elementor-heading-title elementor-size-default\">(Dipl.-Ing. \/ Master) (m\/w\/d)<\/div>\t\t\t\t<\/div>\n\t\t\t\t<\/div>\n\t\t\t\t<div class=\"elementor-element elementor-element-148c9971 elementor-widget elementor-widget-text-editor\" data-id=\"148c9971\" data-element_type=\"widget\" data-e-type=\"widget\" data-widget_type=\"text-editor.default\">\n\t\t\t\t<div class=\"elementor-widget-container\">\n\t\t\t\t\t\t\t\t\t<p>f\u00fcr die Hard- &amp; Softwareentwicklung von Mikrocontroller-basierten Ger\u00e4ten und Systemen<\/p><p><strong>Ihr Profil:<\/strong><\/p><ul><li>F\u00e4higkeit, Aufgabenstellungen schnell zu erfassen, L\u00f6sungen zu erarbeiten und selbstst\u00e4ndig umzusetzen<\/li><li>Teamplayer\/in mit Einsatzbereitschaft, Flexibilit\u00e4t, Sorgfalt und Begeisterung f\u00fcr neue Herausforderungen<\/li><\/ul><p><strong><br \/>Wir bieten Ihnen:<\/strong><\/p><ul><li>Die M\u00f6glichkeit zum eigenverantwortlichen Arbeiten<\/li><li>Flexible Arbeitszeiten<\/li><li>Eine langfristige, krisensichere Besch\u00e4ftigung in einem etablierten, familiengef\u00fchrten Unternehmen<\/li><li>Urlaubs- und Weihnachtsgeld<\/li><\/ul><div>\u00a0<\/div><div>\u00a0<\/div><div><strong>Bei Interesse oder Fragen zur Stelle sprechen Sie uns gerne an!<\/strong><\/div>\t\t\t\t\t\t\t\t<\/div>\n\t\t\t\t<\/div>\n\t\t\t\t\t<\/div>\n\t\t<\/div>\n\t\t\t\t\t<\/div>\n\t\t<\/section>\n\t\t\t\t<\/div>\n\t\t\t\t\t\t\t<\/div>\n\t\t\t\t<\/div>\n\t\t\t\t\t<\/div>\n\t\t\t\t\t\t<\/div>\n\t\t\t\t<\/div>\n\t\t\t\t\t<\/div>\n\t\t<\/div>\n\t\t\t\t\t<\/div>\n\t\t<\/section>\n\t\t\t\t<section class=\"elementor-section elementor-top-section elementor-element elementor-element-ed8a773 elementor-section-boxed elementor-section-height-default elementor-section-height-default\" data-id=\"ed8a773\" data-element_type=\"section\" data-e-type=\"section\">\n\t\t\t\t\t\t<div class=\"elementor-container elementor-column-gap-default\">\n\t\t\t\t\t<div class=\"elementor-column elementor-col-100 elementor-top-column elementor-element elementor-element-27620cb\" data-id=\"27620cb\" data-element_type=\"column\" data-e-type=\"column\">\n\t\t\t<div class=\"elementor-widget-wrap\">\n\t\t\t\t\t\t\t<\/div>\n\t\t<\/div>\n\t\t\t\t\t<\/div>\n\t\t<\/section>\n\t\t\t\t<section class=\"elementor-section elementor-top-section elementor-element elementor-element-82a28f1 elementor-section-boxed elementor-section-height-default elementor-section-height-default\" data-id=\"82a28f1\" data-element_type=\"section\" data-e-type=\"section\">\n\t\t\t\t\t\t<div class=\"elementor-container elementor-column-gap-default\">\n\t\t\t\t\t<div class=\"elementor-column elementor-col-100 elementor-top-column elementor-element elementor-element-f7acf4b\" data-id=\"f7acf4b\" data-element_type=\"column\" data-e-type=\"column\">\n\t\t\t<div class=\"elementor-widget-wrap\">\n\t\t\t\t\t\t\t<\/div>\n\t\t<\/div>\n\t\t\t\t\t<\/div>\n\t\t<\/section>\n\t\t\t\t<section class=\"elementor-section elementor-top-section elementor-element elementor-element-e0a617d elementor-section-boxed elementor-section-height-default elementor-section-height-default\" data-id=\"e0a617d\" data-element_type=\"section\" data-e-type=\"section\">\n\t\t\t\t\t\t<div class=\"elementor-container elementor-column-gap-default\">\n\t\t\t\t\t<div class=\"elementor-column elementor-col-100 elementor-top-column elementor-element elementor-element-058b4a6\" data-id=\"058b4a6\" data-element_type=\"column\" data-e-type=\"column\">\n\t\t\t<div class=\"elementor-widget-wrap elementor-element-populated\">\n\t\t\t\t\t\t<div class=\"elementor-element elementor-element-9a78672 elementor-widget__width-initial elementor-widget elementor-widget-text-editor\" data-id=\"9a78672\" data-element_type=\"widget\" data-e-type=\"widget\" data-widget_type=\"text-editor.default\">\n\t\t\t\t<div class=\"elementor-widget-container\">\n\t\t\t\t\t\t\t\t\t<p>\u00a0<\/p><p>\u00a0<\/p><p>\u00a0<\/p>\t\t\t\t\t\t\t\t<\/div>\n\t\t\t\t<\/div>\n\t\t\t\t\t<\/div>\n\t\t<\/div>\n\t\t\t\t\t<\/div>\n\t\t<\/section>\n\t\t\t\t<\/div>","protected":false},"excerpt":{"rendered":"<p>Wir sind ein renommiertes mittelst\u00e4ndisches Familienunternehmen mit Produktion explosionsgesch\u00fctzter Automatisierungstechnik f\u00fcr weltweite Kunden in den Bereichen Chemie, Pharmazie, \u00d6l &amp; Gas sowie dem Maschinen- und Anlagenbau. Zur Verst\u00e4rkung unseres Teams suchen wir st\u00e4ndig engagierte und qualifizierte Bewerberinnen und Bewerber in verschiedenen Bereichen und freuen uns auch \u00fcber Initiativbewerbungen. \u00a0 Ihre Bewerbung senden Sie bitte an [&hellip;]<\/p>\n","protected":false},"author":1,"featured_media":0,"parent":0,"menu_order":0,"comment_status":"closed","ping_status":"closed","template":"elementor_header_footer","meta":{"footnotes":""},"class_list":["post-1473","page","type-page","status-publish","hentry"],"_links":{"self":[{"href":"https:\/\/www.goennheimer.de\/en\/wp-json\/wp\/v2\/pages\/1473","targetHints":{"allow":["GET"]}}],"collection":[{"href":"https:\/\/www.goennheimer.de\/en\/wp-json\/wp\/v2\/pages"}],"about":[{"href":"https:\/\/www.goennheimer.de\/en\/wp-json\/wp\/v2\/types\/page"}],"author":[{"embeddable":true,"href":"https:\/\/www.goennheimer.de\/en\/wp-json\/wp\/v2\/users\/1"}],"replies":[{"embeddable":true,"href":"https:\/\/www.goennheimer.de\/en\/wp-json\/wp\/v2\/comments?post=1473"}],"version-history":[{"count":106,"href":"https:\/\/www.goennheimer.de\/en\/wp-json\/wp\/v2\/pages\/1473\/revisions"}],"predecessor-version":[{"id":3880,"href":"https:\/\/www.goennheimer.de\/en\/wp-json\/wp\/v2\/pages\/1473\/revisions\/3880"}],"wp:attachment":[{"href":"https:\/\/www.goennheimer.de\/en\/wp-json\/wp\/v2\/media?parent=1473"}],"curies":[{"name":"wp","href":"https:\/\/api.w.org\/{rel}","templated":true}]}}