{"id":1571,"date":"2023-05-17T14:43:04","date_gmt":"2023-05-17T14:43:04","guid":{"rendered":"https:\/\/www.goennheimer.de\/?page_id=1571"},"modified":"2025-11-28T12:13:33","modified_gmt":"2025-11-28T11:13:33","slug":"ansprechpartner","status":"publish","type":"page","link":"https:\/\/www.goennheimer.de\/en\/ansprechpartner\/","title":{"rendered":"Contact persons"},"content":{"rendered":"<div data-elementor-type=\"wp-page\" data-elementor-id=\"1571\" class=\"elementor elementor-1571\" data-elementor-post-type=\"page\">\n\t\t\t\t\t\t<section class=\"elementor-section elementor-top-section elementor-element elementor-element-31688d17 elementor-section-boxed elementor-section-height-default elementor-section-height-default\" data-id=\"31688d17\" data-element_type=\"section\" data-e-type=\"section\">\n\t\t\t\t\t\t<div class=\"elementor-container elementor-column-gap-default\">\n\t\t\t\t\t<div class=\"elementor-column elementor-col-100 elementor-top-column elementor-element elementor-element-25672ad7\" data-id=\"25672ad7\" data-element_type=\"column\" data-e-type=\"column\">\n\t\t\t<div class=\"elementor-widget-wrap elementor-element-populated\">\n\t\t\t\t\t\t\t<\/div>\n\t\t<\/div>\n\t\t\t\t\t<\/div>\n\t\t<\/section>\n\t\t\t\t<section class=\"elementor-section elementor-top-section elementor-element elementor-element-2661161 elementor-section-boxed elementor-section-height-default elementor-section-height-default\" data-id=\"2661161\" data-element_type=\"section\" data-e-type=\"section\">\n\t\t\t\t\t\t<div class=\"elementor-container elementor-column-gap-default\">\n\t\t\t\t\t<div class=\"elementor-column elementor-col-33 elementor-top-column elementor-element elementor-element-7c5626b\" data-id=\"7c5626b\" data-element_type=\"column\" data-e-type=\"column\">\n\t\t\t<div class=\"elementor-widget-wrap elementor-element-populated\">\n\t\t\t\t\t\t<div class=\"elementor-element elementor-element-2fda3e1 elementor-widget elementor-widget-heading\" data-id=\"2fda3e1\" data-element_type=\"widget\" data-e-type=\"widget\" data-widget_type=\"heading.default\">\n\t\t\t\t<div class=\"elementor-widget-container\">\n\t\t\t\t\t<div class=\"elementor-heading-title elementor-size-default\">Dipl.-Ing. Hans Peter G\u00f6nnheimer<\/div>\t\t\t\t<\/div>\n\t\t\t\t<\/div>\n\t\t\t\t<div class=\"elementor-element elementor-element-e5466e6 elementor-widget elementor-widget-heading\" data-id=\"e5466e6\" data-element_type=\"widget\" data-e-type=\"widget\" data-widget_type=\"heading.default\">\n\t\t\t\t<div class=\"elementor-widget-container\">\n\t\t\t\t\t<div class=\"elementor-heading-title elementor-size-default\">Managing director<\/div>\t\t\t\t<\/div>\n\t\t\t\t<\/div>\n\t\t\t\t<div class=\"elementor-element elementor-element-8703293 elementor-widget elementor-widget-text-editor\" data-id=\"8703293\" data-element_type=\"widget\" data-e-type=\"widget\" data-widget_type=\"text-editor.default\">\n\t\t\t\t<div class=\"elementor-widget-container\">\n\t\t\t\t\t\t\t\t\t<p>Tel: +49 (6321) 49919-12<br \/>Fax: +49 (6321) 49919-41<\/p><p><a href=\"mailto:goennheimer@goennheimer.de\">goennheimer@goennheimer.de<\/a><\/p>\t\t\t\t\t\t\t\t<\/div>\n\t\t\t\t<\/div>\n\t\t\t\t\t<\/div>\n\t\t<\/div>\n\t\t\t\t<div class=\"elementor-column elementor-col-33 elementor-top-column elementor-element elementor-element-2345670\" data-id=\"2345670\" data-element_type=\"column\" data-e-type=\"column\">\n\t\t\t<div class=\"elementor-widget-wrap elementor-element-populated\">\n\t\t\t\t\t\t<div class=\"elementor-element elementor-element-e8b1509 elementor-widget elementor-widget-heading\" data-id=\"e8b1509\" data-element_type=\"widget\" data-e-type=\"widget\" data-widget_type=\"heading.default\">\n\t\t\t\t<div class=\"elementor-widget-container\">\n\t\t\t\t\t<div class=\"elementor-heading-title elementor-size-default\">Prof. Dr.- Ing. Christoph G\u00f6nnheimer<\/div>\t\t\t\t<\/div>\n\t\t\t\t<\/div>\n\t\t\t\t<div class=\"elementor-element elementor-element-4efa5cd elementor-widget elementor-widget-heading\" data-id=\"4efa5cd\" data-element_type=\"widget\" data-e-type=\"widget\" data-widget_type=\"heading.default\">\n\t\t\t\t<div class=\"elementor-widget-container\">\n\t\t\t\t\t<div class=\"elementor-heading-title elementor-size-default\">Managing director<\/div>\t\t\t\t<\/div>\n\t\t\t\t<\/div>\n\t\t\t\t<div class=\"elementor-element elementor-element-b9a868a elementor-widget elementor-widget-text-editor\" data-id=\"b9a868a\" data-element_type=\"widget\" data-e-type=\"widget\" data-widget_type=\"text-editor.default\">\n\t\t\t\t<div class=\"elementor-widget-container\">\n\t\t\t\t\t\t\t\t\t<p>Tel: +49 (6321) 49919-15<br \/>Fax: +49 (6321) 49919-41<\/p><p><a href=\"mailto:c.goennheimer@goennheimer.de\">c.goennheimer@goennheimer.de<\/a><\/p>\t\t\t\t\t\t\t\t<\/div>\n\t\t\t\t<\/div>\n\t\t\t\t\t<\/div>\n\t\t<\/div>\n\t\t\t\t<div class=\"elementor-column elementor-col-33 elementor-top-column elementor-element elementor-element-7ca5d1d\" data-id=\"7ca5d1d\" data-element_type=\"column\" data-e-type=\"column\">\n\t\t\t<div class=\"elementor-widget-wrap elementor-element-populated\">\n\t\t\t\t\t\t<div class=\"elementor-element elementor-element-549c046 elementor-widget elementor-widget-heading\" data-id=\"549c046\" data-element_type=\"widget\" data-e-type=\"widget\" data-widget_type=\"heading.default\">\n\t\t\t\t<div class=\"elementor-widget-container\">\n\t\t\t\t\t<div class=\"elementor-heading-title elementor-size-default\">Dr.- Ing. Philipp G\u00f6nnheimer<\/div>\t\t\t\t<\/div>\n\t\t\t\t<\/div>\n\t\t\t\t<div class=\"elementor-element elementor-element-bd73b30 elementor-widget elementor-widget-heading\" data-id=\"bd73b30\" data-element_type=\"widget\" data-e-type=\"widget\" data-widget_type=\"heading.default\">\n\t\t\t\t<div class=\"elementor-widget-container\">\n\t\t\t\t\t<div class=\"elementor-heading-title elementor-size-default\">Managing director<\/div>\t\t\t\t<\/div>\n\t\t\t\t<\/div>\n\t\t\t\t<div class=\"elementor-element elementor-element-b27be94 elementor-widget elementor-widget-text-editor\" data-id=\"b27be94\" data-element_type=\"widget\" data-e-type=\"widget\" data-widget_type=\"text-editor.default\">\n\t\t\t\t<div class=\"elementor-widget-container\">\n\t\t\t\t\t\t\t\t\t<p>Tel: +49 (6321) 49919-19<br \/>Fax: +49 (6321) 49919-41<\/p><p><a href=\"mailto:p.goennheimer@goennheimer.de\">p.goennheimer@goennheimer.de<\/a><\/p>\t\t\t\t\t\t\t\t<\/div>\n\t\t\t\t<\/div>\n\t\t\t\t\t<\/div>\n\t\t<\/div>\n\t\t\t\t\t<\/div>\n\t\t<\/section>\n\t\t\t\t<section class=\"elementor-section elementor-top-section elementor-element elementor-element-a8c669a elementor-section-boxed elementor-section-height-default elementor-section-height-default\" data-id=\"a8c669a\" data-element_type=\"section\" data-e-type=\"section\">\n\t\t\t\t\t\t<div class=\"elementor-container elementor-column-gap-default\">\n\t\t\t\t\t<div class=\"elementor-column elementor-col-33 elementor-top-column elementor-element elementor-element-44b453d\" data-id=\"44b453d\" data-element_type=\"column\" data-e-type=\"column\">\n\t\t\t<div class=\"elementor-widget-wrap elementor-element-populated\">\n\t\t\t\t\t\t<div class=\"elementor-element elementor-element-4340e99 elementor-widget elementor-widget-heading\" data-id=\"4340e99\" data-element_type=\"widget\" data-e-type=\"widget\" data-widget_type=\"heading.default\">\n\t\t\t\t<div class=\"elementor-widget-container\">\n\t\t\t\t\t<div class=\"elementor-heading-title elementor-size-default\">Dipl.-Ing. Manfred Meerk\u00f6tter<\/div>\t\t\t\t<\/div>\n\t\t\t\t<\/div>\n\t\t\t\t<div class=\"elementor-element elementor-element-11c89fa elementor-widget elementor-widget-heading\" data-id=\"11c89fa\" data-element_type=\"widget\" data-e-type=\"widget\" data-widget_type=\"heading.default\">\n\t\t\t\t<div class=\"elementor-widget-container\">\n\t\t\t\t\t<div class=\"elementor-heading-title elementor-size-default\">Development<\/div>\t\t\t\t<\/div>\n\t\t\t\t<\/div>\n\t\t\t\t<div class=\"elementor-element elementor-element-28e2cff elementor-widget elementor-widget-text-editor\" data-id=\"28e2cff\" data-element_type=\"widget\" data-e-type=\"widget\" data-widget_type=\"text-editor.default\">\n\t\t\t\t<div class=\"elementor-widget-container\">\n\t\t\t\t\t\t\t\t\t<p>Tel: +49 (6321) 49919-13<br \/>Fax: +49 (6321) 49919-41<\/p><p><a href=\"mailto:meerkoetter@goennheimer.de\">meerkoetter@goennheimer.de<\/a><\/p>\t\t\t\t\t\t\t\t<\/div>\n\t\t\t\t<\/div>\n\t\t\t\t\t<\/div>\n\t\t<\/div>\n\t\t\t\t<div class=\"elementor-column elementor-col-33 elementor-top-column elementor-element elementor-element-483270f\" data-id=\"483270f\" data-element_type=\"column\" data-e-type=\"column\">\n\t\t\t<div class=\"elementor-widget-wrap elementor-element-populated\">\n\t\t\t\t\t\t<div class=\"elementor-element elementor-element-2075ec9 elementor-widget elementor-widget-heading\" data-id=\"2075ec9\" data-element_type=\"widget\" data-e-type=\"widget\" data-widget_type=\"heading.default\">\n\t\t\t\t<div class=\"elementor-widget-container\">\n\t\t\t\t\t<div class=\"elementor-heading-title elementor-size-default\">Dipl.-Ing.(FH) Thorsten Kuhn<\/div>\t\t\t\t<\/div>\n\t\t\t\t<\/div>\n\t\t\t\t<div class=\"elementor-element elementor-element-5bcf88c elementor-widget elementor-widget-heading\" data-id=\"5bcf88c\" data-element_type=\"widget\" data-e-type=\"widget\" data-widget_type=\"heading.default\">\n\t\t\t\t<div class=\"elementor-widget-container\">\n\t\t\t\t\t<div class=\"elementor-heading-title elementor-size-default\">Development<\/div>\t\t\t\t<\/div>\n\t\t\t\t<\/div>\n\t\t\t\t<div class=\"elementor-element elementor-element-f51961f elementor-widget elementor-widget-text-editor\" data-id=\"f51961f\" data-element_type=\"widget\" data-e-type=\"widget\" data-widget_type=\"text-editor.default\">\n\t\t\t\t<div class=\"elementor-widget-container\">\n\t\t\t\t\t\t\t\t\t<p>Tel: +49 (6321) 49919-32<br \/>Fax: +49 (6321) 49919-41<\/p><p><a href=\"mailto:kuhn@goennheimer.de\">kuhn@goennheimer.de<\/a><\/p>\t\t\t\t\t\t\t\t<\/div>\n\t\t\t\t<\/div>\n\t\t\t\t\t<\/div>\n\t\t<\/div>\n\t\t\t\t<div class=\"elementor-column elementor-col-33 elementor-top-column elementor-element elementor-element-38d438a\" data-id=\"38d438a\" data-element_type=\"column\" data-e-type=\"column\">\n\t\t\t<div class=\"elementor-widget-wrap elementor-element-populated\">\n\t\t\t\t\t\t<div class=\"elementor-element elementor-element-3b18366 elementor-widget elementor-widget-heading\" data-id=\"3b18366\" data-element_type=\"widget\" data-e-type=\"widget\" data-widget_type=\"heading.default\">\n\t\t\t\t<div class=\"elementor-widget-container\">\n\t\t\t\t\t<div class=\"elementor-heading-title elementor-size-default\">Jennifer K\u00f6lle, B.Sc.<\/div>\t\t\t\t<\/div>\n\t\t\t\t<\/div>\n\t\t\t\t<div class=\"elementor-element elementor-element-93ae749 elementor-widget elementor-widget-heading\" data-id=\"93ae749\" data-element_type=\"widget\" data-e-type=\"widget\" data-widget_type=\"heading.default\">\n\t\t\t\t<div class=\"elementor-widget-container\">\n\t\t\t\t\t<div class=\"elementor-heading-title elementor-size-default\">Quality management<\/div>\t\t\t\t<\/div>\n\t\t\t\t<\/div>\n\t\t\t\t<div class=\"elementor-element elementor-element-099e00c elementor-widget elementor-widget-text-editor\" data-id=\"099e00c\" data-element_type=\"widget\" data-e-type=\"widget\" data-widget_type=\"text-editor.default\">\n\t\t\t\t<div class=\"elementor-widget-container\">\n\t\t\t\t\t\t\t\t\t<p>Tel: +49 (6321) 49919-14<br \/>Fax: +49 (6321) 49919-41<\/p><p><a href=\"mailto:koelle@goennheimer.de\">koelle@goennheimer.de<\/a><\/p>\t\t\t\t\t\t\t\t<\/div>\n\t\t\t\t<\/div>\n\t\t\t\t\t<\/div>\n\t\t<\/div>\n\t\t\t\t\t<\/div>\n\t\t<\/section>\n\t\t\t\t<section class=\"elementor-section elementor-top-section elementor-element elementor-element-f70dd52 elementor-section-boxed elementor-section-height-default elementor-section-height-default\" data-id=\"f70dd52\" data-element_type=\"section\" data-e-type=\"section\">\n\t\t\t\t\t\t<div class=\"elementor-container elementor-column-gap-default\">\n\t\t\t\t\t<div class=\"elementor-column elementor-col-33 elementor-top-column elementor-element elementor-element-9382ba3\" data-id=\"9382ba3\" data-element_type=\"column\" data-e-type=\"column\">\n\t\t\t<div class=\"elementor-widget-wrap elementor-element-populated\">\n\t\t\t\t\t\t<div class=\"elementor-element elementor-element-43f1963 elementor-widget elementor-widget-heading\" data-id=\"43f1963\" data-element_type=\"widget\" data-e-type=\"widget\" data-widget_type=\"heading.default\">\n\t\t\t\t<div class=\"elementor-widget-container\">\n\t\t\t\t\t<div class=\"elementor-heading-title elementor-size-default\">Gabriele G\u00f6nnheimer<\/div>\t\t\t\t<\/div>\n\t\t\t\t<\/div>\n\t\t\t\t<div class=\"elementor-element elementor-element-98f058a elementor-widget elementor-widget-heading\" data-id=\"98f058a\" data-element_type=\"widget\" data-e-type=\"widget\" data-widget_type=\"heading.default\">\n\t\t\t\t<div class=\"elementor-widget-container\">\n\t\t\t\t\t<div class=\"elementor-heading-title elementor-size-default\">Procuration<\/div>\t\t\t\t<\/div>\n\t\t\t\t<\/div>\n\t\t\t\t<div class=\"elementor-element elementor-element-35fd509 elementor-widget elementor-widget-text-editor\" data-id=\"35fd509\" data-element_type=\"widget\" data-e-type=\"widget\" data-widget_type=\"text-editor.default\">\n\t\t\t\t<div class=\"elementor-widget-container\">\n\t\t\t\t\t\t\t\t\t<p>Tel: +49 (6321) 49919-11<br \/>Fax: +49 (6321) 49919-41<\/p><p><a href=\"mailto:ggoennheimer@goennheimer.de\">ggoennheimer@goennheimer.de<\/a><\/p>\t\t\t\t\t\t\t\t<\/div>\n\t\t\t\t<\/div>\n\t\t\t\t\t<\/div>\n\t\t<\/div>\n\t\t\t\t<div class=\"elementor-column elementor-col-33 elementor-top-column elementor-element elementor-element-f759110\" data-id=\"f759110\" data-element_type=\"column\" data-e-type=\"column\">\n\t\t\t<div class=\"elementor-widget-wrap\">\n\t\t\t\t\t\t\t<\/div>\n\t\t<\/div>\n\t\t\t\t<div class=\"elementor-column elementor-col-33 elementor-top-column elementor-element elementor-element-7d4ed31\" data-id=\"7d4ed31\" data-element_type=\"column\" data-e-type=\"column\">\n\t\t\t<div class=\"elementor-widget-wrap\">\n\t\t\t\t\t\t\t<\/div>\n\t\t<\/div>\n\t\t\t\t\t<\/div>\n\t\t<\/section>\n\t\t\t\t<section class=\"elementor-section elementor-top-section elementor-element elementor-element-4b2fcf5e elementor-section-boxed elementor-section-height-default elementor-section-height-default\" data-id=\"4b2fcf5e\" data-element_type=\"section\" data-e-type=\"section\">\n\t\t\t\t\t\t<div class=\"elementor-container elementor-column-gap-default\">\n\t\t\t\t\t<div class=\"elementor-column elementor-col-100 elementor-top-column elementor-element elementor-element-77ed061f\" data-id=\"77ed061f\" data-element_type=\"column\" data-e-type=\"column\">\n\t\t\t<div class=\"elementor-widget-wrap elementor-element-populated\">\n\t\t\t\t\t\t<div class=\"elementor-element elementor-element-1b369f22 elementor-widget elementor-widget-spacer\" data-id=\"1b369f22\" data-element_type=\"widget\" data-e-type=\"widget\" data-widget_type=\"spacer.default\">\n\t\t\t\t<div class=\"elementor-widget-container\">\n\t\t\t\t\t\t\t<div class=\"elementor-spacer\">\n\t\t\t<div class=\"elementor-spacer-inner\"><\/div>\n\t\t<\/div>\n\t\t\t\t\t\t<\/div>\n\t\t\t\t<\/div>\n\t\t\t\t\t<\/div>\n\t\t<\/div>\n\t\t\t\t\t<\/div>\n\t\t<\/section>\n\t\t\t\t<\/div>","protected":false},"excerpt":{"rendered":"<p>Dipl.-Ing. Hans Peter G\u00f6nnheimer Gesch\u00e4ftsf\u00fchrer Tel: +49 (6321) 49919-12Fax: +49 (6321) 49919-41 goennheimer@goennheimer.de Prof. Dr.- Ing. Christoph G\u00f6nnheimer Gesch\u00e4ftsf\u00fchrer Tel: +49 (6321) 49919-15Fax: +49 (6321) 49919-41 c.goennheimer@goennheimer.de Dr.- Ing. Philipp G\u00f6nnheimer Gesch\u00e4ftsf\u00fchrer Tel: +49 (6321) 49919-19Fax: +49 (6321) 49919-41 p.goennheimer@goennheimer.de Dipl.-Ing. Manfred Meerk\u00f6tter Entwicklung Tel: +49 (6321) 49919-13Fax: +49 (6321) 49919-41 meerkoetter@goennheimer.de Dipl.-Ing.(FH) Thorsten Kuhn [&hellip;]<\/p>\n","protected":false},"author":1,"featured_media":0,"parent":0,"menu_order":0,"comment_status":"closed","ping_status":"closed","template":"elementor_header_footer","meta":{"footnotes":""},"class_list":["post-1571","page","type-page","status-publish","hentry"],"_links":{"self":[{"href":"https:\/\/www.goennheimer.de\/en\/wp-json\/wp\/v2\/pages\/1571","targetHints":{"allow":["GET"]}}],"collection":[{"href":"https:\/\/www.goennheimer.de\/en\/wp-json\/wp\/v2\/pages"}],"about":[{"href":"https:\/\/www.goennheimer.de\/en\/wp-json\/wp\/v2\/types\/page"}],"author":[{"embeddable":true,"href":"https:\/\/www.goennheimer.de\/en\/wp-json\/wp\/v2\/users\/1"}],"replies":[{"embeddable":true,"href":"https:\/\/www.goennheimer.de\/en\/wp-json\/wp\/v2\/comments?post=1571"}],"version-history":[{"count":60,"href":"https:\/\/www.goennheimer.de\/en\/wp-json\/wp\/v2\/pages\/1571\/revisions"}],"predecessor-version":[{"id":3892,"href":"https:\/\/www.goennheimer.de\/en\/wp-json\/wp\/v2\/pages\/1571\/revisions\/3892"}],"wp:attachment":[{"href":"https:\/\/www.goennheimer.de\/en\/wp-json\/wp\/v2\/media?parent=1571"}],"curies":[{"name":"wp","href":"https:\/\/api.w.org\/{rel}","templated":true}]}}