{"id":1746,"date":"2023-05-22T14:11:21","date_gmt":"2023-05-22T14:11:21","guid":{"rendered":"https:\/\/www.goennheimer.de\/?page_id=1746"},"modified":"2024-03-13T14:17:15","modified_gmt":"2024-03-13T14:17:15","slug":"ex-p-systeme","status":"publish","type":"page","link":"https:\/\/www.goennheimer.de\/en\/ex-p-systeme\/","title":{"rendered":"Ex p-Pressurized enclosure systems"},"content":{"rendered":"\t\t<div data-elementor-type=\"wp-page\" data-elementor-id=\"1746\" class=\"elementor elementor-1746\" data-elementor-post-type=\"page\">\n\t\t\t\t\t\t<section class=\"elementor-section elementor-top-section elementor-element elementor-element-7f2d6daa elementor-section-boxed elementor-section-height-default elementor-section-height-default\" data-id=\"7f2d6daa\" data-element_type=\"section\" data-e-type=\"section\">\n\t\t\t\t\t\t<div class=\"elementor-container elementor-column-gap-default\">\n\t\t\t\t\t<div class=\"elementor-column elementor-col-100 elementor-top-column elementor-element elementor-element-f72a478\" data-id=\"f72a478\" data-element_type=\"column\" data-e-type=\"column\">\n\t\t\t<div class=\"elementor-widget-wrap elementor-element-populated\">\n\t\t\t\t\t\t<div class=\"elementor-element elementor-element-455430c6 elementor-widget elementor-widget-heading\" data-id=\"455430c6\" data-element_type=\"widget\" data-e-type=\"widget\" data-widget_type=\"heading.default\">\n\t\t\t\t<div class=\"elementor-widget-container\">\n\t\t\t\t\t<h1 class=\"elementor-heading-title elementor-size-default\">Ex p-\u00dcberdruckkapselungssysteme<\/h1>\t\t\t\t<\/div>\n\t\t\t\t<\/div>\n\t\t\t\t\t<\/div>\n\t\t<\/div>\n\t\t\t\t\t<\/div>\n\t\t<\/section>\n\t\t\t\t<section class=\"elementor-section elementor-top-section elementor-element elementor-element-dfef801 elementor-section-boxed elementor-section-height-default elementor-section-height-default\" data-id=\"dfef801\" data-element_type=\"section\" data-e-type=\"section\">\n\t\t\t\t\t\t<div class=\"elementor-container elementor-column-gap-default\">\n\t\t\t\t\t<div class=\"elementor-column elementor-col-100 elementor-top-column elementor-element elementor-element-37cde98\" data-id=\"37cde98\" data-element_type=\"column\" data-e-type=\"column\">\n\t\t\t<div class=\"elementor-widget-wrap elementor-element-populated\">\n\t\t\t\t\t\t<div class=\"elementor-element elementor-element-9b2bce6 elementor-widget elementor-widget-text-editor\" data-id=\"9b2bce6\" data-element_type=\"widget\" data-e-type=\"widget\" data-widget_type=\"text-editor.default\">\n\t\t\t\t<div class=\"elementor-widget-container\">\n\t\t\t\t\t\t\t\t\t<p>Die zeitgem\u00e4\u00dfe Umsetzung der Ex-Z\u00fcndschutzart \u00dcberdruckkapselung erm\u00f6glicht den anwendungsgerechten Einsatz von\u00a0<b>Standard MSR-Technik in explosionsgef\u00e4hrdeten Bereichen<\/b>.<\/p><p>Der Einsatz verifizierter Baugruppen innerhalb moderner Produktionsanlagen wie z.B. Steuerungskomponenten, Maschinenkomponenten, Mess- und Analysetechnik etc. erm\u00f6glicht die <strong>zeitnahe und kostenseitig \u00fcberschaubare Projektierungen<\/strong>\u00a0von Maschinen und Anlagen in Produktionssystemen.<\/p>\t\t\t\t\t\t\t\t<\/div>\n\t\t\t\t<\/div>\n\t\t\t\t\t<\/div>\n\t\t<\/div>\n\t\t\t\t\t<\/div>\n\t\t<\/section>\n\t\t\t\t<section class=\"elementor-section elementor-top-section elementor-element elementor-element-2d24af0 elementor-section-boxed elementor-section-height-default elementor-section-height-default\" data-id=\"2d24af0\" data-element_type=\"section\" data-e-type=\"section\">\n\t\t\t\t\t\t<div class=\"elementor-container elementor-column-gap-default\">\n\t\t\t\t\t<div class=\"elementor-column elementor-col-50 elementor-top-column elementor-element elementor-element-b787618\" data-id=\"b787618\" data-element_type=\"column\" data-e-type=\"column\">\n\t\t\t<div class=\"elementor-widget-wrap elementor-element-populated\">\n\t\t\t\t\t\t<div class=\"elementor-element elementor-element-e7a1421 elementor-widget elementor-widget-image\" data-id=\"e7a1421\" data-element_type=\"widget\" data-e-type=\"widget\" data-widget_type=\"image.default\">\n\t\t\t\t<div class=\"elementor-widget-container\">\n\t\t\t\t\t\t\t\t\t\t\t\t\t\t\t<img fetchpriority=\"high\" decoding=\"async\" width=\"800\" height=\"678\" src=\"https:\/\/www.goennheimer.de\/wp-content\/uploads\/2023\/06\/Ex-p-controller-family.jpg\" class=\"attachment-large size-large wp-image-2068\" alt=\"\" srcset=\"https:\/\/www.goennheimer.de\/wp-content\/uploads\/2023\/06\/Ex-p-controller-family.jpg 800w, https:\/\/www.goennheimer.de\/wp-content\/uploads\/2023\/06\/Ex-p-controller-family-300x254.jpg 300w, https:\/\/www.goennheimer.de\/wp-content\/uploads\/2023\/06\/Ex-p-controller-family-768x651.jpg 768w, https:\/\/www.goennheimer.de\/wp-content\/uploads\/2023\/06\/Ex-p-controller-family-14x12.jpg 14w\" sizes=\"(max-width: 800px) 100vw, 800px\" \/>\t\t\t\t\t\t\t\t\t\t\t\t\t\t\t<\/div>\n\t\t\t\t<\/div>\n\t\t\t\t\t<\/div>\n\t\t<\/div>\n\t\t\t\t<div class=\"elementor-column elementor-col-50 elementor-top-column elementor-element elementor-element-413c68c\" data-id=\"413c68c\" data-element_type=\"column\" data-e-type=\"column\">\n\t\t\t<div class=\"elementor-widget-wrap elementor-element-populated\">\n\t\t\t\t\t\t<div class=\"elementor-element elementor-element-1f5b9c9 elementor-widget elementor-widget-heading\" data-id=\"1f5b9c9\" data-element_type=\"widget\" data-e-type=\"widget\" data-widget_type=\"heading.default\">\n\t\t\t\t<div class=\"elementor-widget-container\">\n\t\t\t\t\t<h3 class=\"elementor-heading-title elementor-size-default\">Z\u00fcndschutzart \u00dcberdruckkapselung (Ex p): Konzept<\/h3>\t\t\t\t<\/div>\n\t\t\t\t<\/div>\n\t\t\t\t<div class=\"elementor-element elementor-element-94510b3 elementor-widget elementor-widget-text-editor\" data-id=\"94510b3\" data-element_type=\"widget\" data-e-type=\"widget\" data-widget_type=\"text-editor.default\">\n\t\t\t\t<div class=\"elementor-widget-container\">\n\t\t\t\t\t\t\t\t\t<p>Die Z\u00fcndschutzart \u00dcberdruckkapselung (Ex p) erm\u00f6glicht es, &#8222;Nicht Ex-zugelassene&#8220; Ger\u00e4te im Ex-Bereich der Zonen 1, 21, 2 und 22 zu betreiben. Dieser Schutzart liegt der Gedanke zugrunde, explosionsf\u00e4hige Gasgemische von diesen Ger\u00e4ten fernzuhalten.<\/p><p>Dies wird dadurch erreicht, indem das Ger\u00e4t in einem \u00fcberdruckgekapselten Geh\u00e4use (Ex p-Geh\u00e4use) betrieben wird und dieses Ex p-Geh\u00e4use, durch st\u00e4ndigen \u00dcberdruck mit Luft oder einem Inertgas, vor dem Eindringen explosiver Gasgemische gesch\u00fctzt ist.<\/p>\t\t\t\t\t\t\t\t<\/div>\n\t\t\t\t<\/div>\n\t\t\t\t\t<\/div>\n\t\t<\/div>\n\t\t\t\t\t<\/div>\n\t\t<\/section>\n\t\t\t\t<section class=\"elementor-section elementor-top-section elementor-element elementor-element-9527341 elementor-section-boxed elementor-section-height-default elementor-section-height-default\" data-id=\"9527341\" data-element_type=\"section\" data-e-type=\"section\">\n\t\t\t\t\t\t<div class=\"elementor-container elementor-column-gap-default\">\n\t\t\t\t\t<div class=\"elementor-column elementor-col-100 elementor-top-column elementor-element elementor-element-dbbb81a\" data-id=\"dbbb81a\" data-element_type=\"column\" data-e-type=\"column\">\n\t\t\t<div class=\"elementor-widget-wrap elementor-element-populated\">\n\t\t\t\t\t\t<div class=\"elementor-element elementor-element-3cc0cce elementor-grid-2 elementor-grid-tablet-2 elementor-grid-mobile-1 elementor-widget elementor-widget-loop-grid\" data-id=\"3cc0cce\" data-element_type=\"widget\" data-e-type=\"widget\" data-settings=\"{&quot;template_id&quot;:499,&quot;columns&quot;:2,&quot;_skin&quot;:&quot;post&quot;,&quot;columns_tablet&quot;:&quot;2&quot;,&quot;columns_mobile&quot;:&quot;1&quot;,&quot;edit_handle_selector&quot;:&quot;[data-elementor-type=\\&quot;loop-item\\&quot;]&quot;,&quot;row_gap&quot;:{&quot;unit&quot;:&quot;px&quot;,&quot;size&quot;:&quot;&quot;,&quot;sizes&quot;:[]},&quot;row_gap_tablet&quot;:{&quot;unit&quot;:&quot;px&quot;,&quot;size&quot;:&quot;&quot;,&quot;sizes&quot;:[]},&quot;row_gap_mobile&quot;:{&quot;unit&quot;:&quot;px&quot;,&quot;size&quot;:&quot;&quot;,&quot;sizes&quot;:[]}}\" data-widget_type=\"loop-grid.post\">\n\t\t\t\t<div class=\"elementor-widget-container\">\n\t\t\t\t\t\t\t<div class=\"elementor-loop-container elementor-grid\" role=\"list\">\n\t\t<style id=\"loop-499\">.elementor-499 .elementor-element.elementor-element-46287bf > .elementor-element-populated{box-shadow:0px 0px 7px 0px rgba(135, 135, 135, 0.5);padding:16px 0px 16px 0px;}.elementor-widget-theme-post-title .elementor-heading-title{font-family:var( --e-global-typography-primary-font-family ), Sans-serif;font-weight:var( --e-global-typography-primary-font-weight );color:var( --e-global-color-primary );}.elementor-499 .elementor-element.elementor-element-bbc61aa{text-align:center;width:var( --container-widget-width, 100% );max-width:100%;--container-widget-width:100%;--container-widget-flex-grow:0;}.elementor-499 .elementor-element.elementor-element-bbc61aa .elementor-heading-title{font-family:\"Noto Sans\", Sans-serif;font-weight:500;line-height:31px;}.elementor-499 .elementor-element.elementor-element-bbc61aa > .elementor-widget-container{padding:0px 10px 0px 10px;}.elementor-widget-theme-post-featured-image .widget-image-caption{color:var( --e-global-color-text );font-family:var( --e-global-typography-text-font-family ), Sans-serif;font-weight:var( --e-global-typography-text-font-weight );}.elementor-499 .elementor-element.elementor-element-252e5ad img{height:250px;object-fit:contain;object-position:center center;}.elementor-499 .elementor-element.elementor-element-252e5ad > .elementor-widget-container{padding:0px 18px 0px 18px;}.elementor-widget-text-editor{font-family:var( --e-global-typography-text-font-family ), Sans-serif;font-weight:var( --e-global-typography-text-font-weight );color:var( --e-global-color-text );}.elementor-widget-text-editor.elementor-drop-cap-view-stacked .elementor-drop-cap{background-color:var( --e-global-color-primary );}.elementor-widget-text-editor.elementor-drop-cap-view-framed .elementor-drop-cap, .elementor-widget-text-editor.elementor-drop-cap-view-default .elementor-drop-cap{color:var( --e-global-color-primary );border-color:var( --e-global-color-primary );}.elementor-499 .elementor-element.elementor-element-2c91217{text-align:center;}.elementor-499 .elementor-element.elementor-element-2c91217 > .elementor-widget-container{padding:18px 18px 18px 18px;}\/* Start custom CSS for theme-post-title, class: .elementor-element-bbc61aa *\/.elementor-499 .elementor-element.elementor-element-bbc61aa {\n    height: 56px\n}\/* End custom CSS *\/\n\/* Start custom CSS for text-editor, class: .elementor-element-2c91217 *\/.elementor-499 .elementor-element.elementor-element-2c91217 {\n    height: 90px;\n    overflow: hidden;\n\n}\/* End custom CSS *\/<\/style>\t\t<div data-elementor-type=\"loop-item\" data-elementor-id=\"499\" class=\"elementor elementor-499 e-loop-item e-loop-item-2073 post-2073 page type-page status-publish has-post-thumbnail hentry\" data-elementor-post-type=\"elementor_library\" data-custom-edit-handle=\"1\">\n\t\t\t\t\t<section class=\"elementor-section elementor-top-section elementor-element elementor-element-388305f elementor-section-boxed elementor-section-height-default elementor-section-height-default\" data-id=\"388305f\" data-element_type=\"section\" data-e-type=\"section\">\n\t\t\t\t\t\t<div class=\"elementor-container elementor-column-gap-default\">\n\t\t\t\t\t<div class=\"elementor-column elementor-col-100 elementor-top-column elementor-element elementor-element-46287bf\" data-id=\"46287bf\" data-element_type=\"column\" data-e-type=\"column\">\n\t\t\t<div class=\"elementor-widget-wrap elementor-element-populated\">\n\t\t\t\t\t\t<div class=\"elementor-element elementor-element-bbc61aa elementor-widget__width-initial elementor-widget elementor-widget-theme-post-title elementor-page-title elementor-widget-heading\" data-id=\"bbc61aa\" data-element_type=\"widget\" data-e-type=\"widget\" data-widget_type=\"theme-post-title.default\">\n\t\t\t\t<div class=\"elementor-widget-container\">\n\t\t\t\t\t<h3 class=\"elementor-heading-title elementor-size-default\"><a href=\"https:\/\/www.goennheimer.de\/en\/controller\/\">Ex p-Controller<\/a><\/h3>\t\t\t\t<\/div>\n\t\t\t\t<\/div>\n\t\t\t\t<div class=\"elementor-element elementor-element-252e5ad elementor-widget elementor-widget-theme-post-featured-image elementor-widget-image\" data-id=\"252e5ad\" data-element_type=\"widget\" data-e-type=\"widget\" data-widget_type=\"theme-post-featured-image.default\">\n\t\t\t\t<div class=\"elementor-widget-container\">\n\t\t\t\t\t\t\t\t\t\t\t\t\t\t\t\t<a href=\"https:\/\/www.goennheimer.de\/en\/controller\/\">\n\t\t\t\t\t\t\t<img decoding=\"async\" width=\"702\" height=\"1024\" src=\"https:\/\/www.goennheimer.de\/wp-content\/uploads\/2023\/05\/FS870S_1024.jpg\" class=\"elementor-animation-grow attachment-large size-large wp-image-1666\" alt=\"\" srcset=\"https:\/\/www.goennheimer.de\/wp-content\/uploads\/2023\/05\/FS870S_1024.jpg 702w, https:\/\/www.goennheimer.de\/wp-content\/uploads\/2023\/05\/FS870S_1024-206x300.jpg 206w, https:\/\/www.goennheimer.de\/wp-content\/uploads\/2023\/05\/FS870S_1024-8x12.jpg 8w\" sizes=\"(max-width: 702px) 100vw, 702px\" \/>\t\t\t\t\t\t\t\t<\/a>\n\t\t\t\t\t\t\t\t\t\t\t\t\t\t\t<\/div>\n\t\t\t\t<\/div>\n\t\t\t\t<div class=\"elementor-element elementor-element-2c91217 elementor-widget elementor-widget-text-editor\" data-id=\"2c91217\" data-element_type=\"widget\" data-e-type=\"widget\" data-widget_type=\"text-editor.default\">\n\t\t\t\t<div class=\"elementor-widget-container\">\n\t\t\t\t\t\t\t\t\tSteuerger\u00e4te und Relais f\u00fcr die \u00dcberdruckkapselung\t\t\t\t\t\t\t\t<\/div>\n\t\t\t\t<\/div>\n\t\t\t\t\t<\/div>\n\t\t<\/div>\n\t\t\t\t\t<\/div>\n\t\t<\/section>\n\t\t\t\t<\/div>\n\t\t\t\t<div data-elementor-type=\"loop-item\" data-elementor-id=\"499\" class=\"elementor elementor-499 e-loop-item e-loop-item-2086 post-2086 page type-page status-publish has-post-thumbnail hentry\" data-elementor-post-type=\"elementor_library\" data-custom-edit-handle=\"1\">\n\t\t\t\t\t<section class=\"elementor-section elementor-top-section elementor-element elementor-element-388305f elementor-section-boxed elementor-section-height-default elementor-section-height-default\" data-id=\"388305f\" data-element_type=\"section\" data-e-type=\"section\">\n\t\t\t\t\t\t<div class=\"elementor-container elementor-column-gap-default\">\n\t\t\t\t\t<div class=\"elementor-column elementor-col-100 elementor-top-column elementor-element elementor-element-46287bf\" data-id=\"46287bf\" data-element_type=\"column\" data-e-type=\"column\">\n\t\t\t<div class=\"elementor-widget-wrap elementor-element-populated\">\n\t\t\t\t\t\t<div class=\"elementor-element elementor-element-bbc61aa elementor-widget__width-initial elementor-widget elementor-widget-theme-post-title elementor-page-title elementor-widget-heading\" data-id=\"bbc61aa\" data-element_type=\"widget\" data-e-type=\"widget\" data-widget_type=\"theme-post-title.default\">\n\t\t\t\t<div class=\"elementor-widget-container\">\n\t\t\t\t\t<h3 class=\"elementor-heading-title elementor-size-default\"><a href=\"https:\/\/www.goennheimer.de\/en\/ex-p-loesungen\/\">Ex p-L\u00f6sungen<\/a><\/h3>\t\t\t\t<\/div>\n\t\t\t\t<\/div>\n\t\t\t\t<div class=\"elementor-element elementor-element-252e5ad elementor-widget elementor-widget-theme-post-featured-image elementor-widget-image\" data-id=\"252e5ad\" data-element_type=\"widget\" data-e-type=\"widget\" data-widget_type=\"theme-post-featured-image.default\">\n\t\t\t\t<div class=\"elementor-widget-container\">\n\t\t\t\t\t\t\t\t\t\t\t\t\t\t\t\t<a href=\"https:\/\/www.goennheimer.de\/en\/ex-p-loesungen\/\">\n\t\t\t\t\t\t\t<img decoding=\"async\" width=\"800\" height=\"600\" src=\"https:\/\/www.goennheimer.de\/wp-content\/uploads\/2023\/07\/Schaltschrank-mit-Siemens-Panel-transparent-1024x768.png\" class=\"elementor-animation-grow attachment-large size-large wp-image-2335\" alt=\"\" srcset=\"https:\/\/www.goennheimer.de\/wp-content\/uploads\/2023\/07\/Schaltschrank-mit-Siemens-Panel-transparent-1024x768.png 1024w, https:\/\/www.goennheimer.de\/wp-content\/uploads\/2023\/07\/Schaltschrank-mit-Siemens-Panel-transparent-300x225.png 300w, https:\/\/www.goennheimer.de\/wp-content\/uploads\/2023\/07\/Schaltschrank-mit-Siemens-Panel-transparent-768x576.png 768w, https:\/\/www.goennheimer.de\/wp-content\/uploads\/2023\/07\/Schaltschrank-mit-Siemens-Panel-transparent-1536x1152.png 1536w, https:\/\/www.goennheimer.de\/wp-content\/uploads\/2023\/07\/Schaltschrank-mit-Siemens-Panel-transparent-2048x1536.png 2048w, https:\/\/www.goennheimer.de\/wp-content\/uploads\/2023\/07\/Schaltschrank-mit-Siemens-Panel-transparent-16x12.png 16w\" sizes=\"(max-width: 800px) 100vw, 800px\" \/>\t\t\t\t\t\t\t\t<\/a>\n\t\t\t\t\t\t\t\t\t\t\t\t\t\t\t<\/div>\n\t\t\t\t<\/div>\n\t\t\t\t<div class=\"elementor-element elementor-element-2c91217 elementor-widget elementor-widget-text-editor\" data-id=\"2c91217\" data-element_type=\"widget\" data-e-type=\"widget\" data-widget_type=\"text-editor.default\">\n\t\t\t\t<div class=\"elementor-widget-container\">\n\t\t\t\t\t\t\t\t\tKundenspezifische Ex p-L\u00f6sungen inkl. Zertifizierungen \nATEX IECEx 1, 2, 21, 22\t\t\t\t\t\t\t\t<\/div>\n\t\t\t\t<\/div>\n\t\t\t\t\t<\/div>\n\t\t<\/div>\n\t\t\t\t\t<\/div>\n\t\t<\/section>\n\t\t\t\t<\/div>\n\t\t\t\t<\/div>\n\t\t\n\t\t\t\t\t\t<\/div>\n\t\t\t\t<\/div>\n\t\t\t\t\t<\/div>\n\t\t<\/div>\n\t\t\t\t\t<\/div>\n\t\t<\/section>\n\t\t\t\t<section class=\"elementor-section elementor-top-section elementor-element elementor-element-3e2d7ca4 elementor-section-boxed elementor-section-height-default elementor-section-height-default\" data-id=\"3e2d7ca4\" data-element_type=\"section\" data-e-type=\"section\">\n\t\t\t\t\t\t<div class=\"elementor-container elementor-column-gap-default\">\n\t\t\t\t\t<div class=\"elementor-column elementor-col-100 elementor-top-column elementor-element elementor-element-7967719e\" data-id=\"7967719e\" data-element_type=\"column\" data-e-type=\"column\">\n\t\t\t<div class=\"elementor-widget-wrap elementor-element-populated\">\n\t\t\t\t\t\t<div class=\"elementor-element elementor-element-db5e73e elementor-widget elementor-widget-spacer\" data-id=\"db5e73e\" data-element_type=\"widget\" data-e-type=\"widget\" data-widget_type=\"spacer.default\">\n\t\t\t\t<div class=\"elementor-widget-container\">\n\t\t\t\t\t\t\t<div class=\"elementor-spacer\">\n\t\t\t<div class=\"elementor-spacer-inner\"><\/div>\n\t\t<\/div>\n\t\t\t\t\t\t<\/div>\n\t\t\t\t<\/div>\n\t\t\t\t\t<\/div>\n\t\t<\/div>\n\t\t\t\t\t<\/div>\n\t\t<\/section>\n\t\t\t\t<\/div>\n\t\t","protected":false},"excerpt":{"rendered":"<p>Ex p-\u00dcberdruckkapselungssysteme Die zeitgem\u00e4\u00dfe Umsetzung der Ex-Z\u00fcndschutzart \u00dcberdruckkapselung erm\u00f6glicht den anwendungsgerechten Einsatz von&nbsp;Standard MSR-Technik in explosionsgef\u00e4hrdeten Bereichen. Der Einsatz verifizierter Baugruppen innerhalb moderner Produktionsanlagen wie z.B. Steuerungskomponenten, Maschinenkomponenten, Mess- und Analysetechnik etc. erm\u00f6glicht die zeitnahe und kostenseitig \u00fcberschaubare Projektierungen&nbsp;von Maschinen und Anlagen in Produktionssystemen. Z\u00fcndschutzart \u00dcberdruckkapselung (Ex p): Konzept Die Z\u00fcndschutzart \u00dcberdruckkapselung (Ex p) erm\u00f6glicht [&hellip;]<\/p>\n","protected":false},"author":1,"featured_media":0,"parent":0,"menu_order":0,"comment_status":"closed","ping_status":"closed","template":"elementor_header_footer","meta":{"footnotes":""},"class_list":["post-1746","page","type-page","status-publish","hentry"],"_links":{"self":[{"href":"https:\/\/www.goennheimer.de\/en\/wp-json\/wp\/v2\/pages\/1746","targetHints":{"allow":["GET"]}}],"collection":[{"href":"https:\/\/www.goennheimer.de\/en\/wp-json\/wp\/v2\/pages"}],"about":[{"href":"https:\/\/www.goennheimer.de\/en\/wp-json\/wp\/v2\/types\/page"}],"author":[{"embeddable":true,"href":"https:\/\/www.goennheimer.de\/en\/wp-json\/wp\/v2\/users\/1"}],"replies":[{"embeddable":true,"href":"https:\/\/www.goennheimer.de\/en\/wp-json\/wp\/v2\/comments?post=1746"}],"version-history":[{"count":32,"href":"https:\/\/www.goennheimer.de\/en\/wp-json\/wp\/v2\/pages\/1746\/revisions"}],"predecessor-version":[{"id":2761,"href":"https:\/\/www.goennheimer.de\/en\/wp-json\/wp\/v2\/pages\/1746\/revisions\/2761"}],"wp:attachment":[{"href":"https:\/\/www.goennheimer.de\/en\/wp-json\/wp\/v2\/media?parent=1746"}],"curies":[{"name":"wp","href":"https:\/\/api.w.org\/{rel}","templated":true}]}}