{"id":2125,"date":"2023-06-28T10:10:06","date_gmt":"2023-06-28T10:10:06","guid":{"rendered":"https:\/\/www.goennheimer.de\/?page_id=2125"},"modified":"2024-03-12T15:09:00","modified_gmt":"2024-03-12T15:09:00","slug":"ex-anzeigentechnik","status":"publish","type":"page","link":"https:\/\/www.goennheimer.de\/en\/ex-anzeigentechnik\/","title":{"rendered":"Ex-Field indicators"},"content":{"rendered":"\t\t<div data-elementor-type=\"wp-page\" data-elementor-id=\"2125\" class=\"elementor elementor-2125\" data-elementor-post-type=\"page\">\n\t\t\t\t\t\t<section class=\"elementor-section elementor-top-section elementor-element elementor-element-7f2d6daa elementor-section-boxed elementor-section-height-default elementor-section-height-default\" data-id=\"7f2d6daa\" data-element_type=\"section\" data-e-type=\"section\">\n\t\t\t\t\t\t<div class=\"elementor-container elementor-column-gap-default\">\n\t\t\t\t\t<div class=\"elementor-column elementor-col-100 elementor-top-column elementor-element elementor-element-f72a478\" data-id=\"f72a478\" data-element_type=\"column\" data-e-type=\"column\">\n\t\t\t<div class=\"elementor-widget-wrap elementor-element-populated\">\n\t\t\t\t\t\t<div class=\"elementor-element elementor-element-455430c6 elementor-widget elementor-widget-heading\" data-id=\"455430c6\" data-element_type=\"widget\" data-e-type=\"widget\" data-widget_type=\"heading.default\">\n\t\t\t\t<div class=\"elementor-widget-container\">\n\t\t\t\t\t<h1 class=\"elementor-heading-title elementor-size-default\">Ex-Anzeigentechnik<\/h1>\t\t\t\t<\/div>\n\t\t\t\t<\/div>\n\t\t\t\t\t<\/div>\n\t\t<\/div>\n\t\t\t\t\t<\/div>\n\t\t<\/section>\n\t\t\t\t<section class=\"elementor-section elementor-top-section elementor-element elementor-element-3931eda elementor-section-boxed elementor-section-height-default elementor-section-height-default\" data-id=\"3931eda\" data-element_type=\"section\" data-e-type=\"section\">\n\t\t\t\t\t\t<div class=\"elementor-container elementor-column-gap-default\">\n\t\t\t\t\t<div class=\"elementor-column elementor-col-100 elementor-top-column elementor-element elementor-element-5b1440b\" data-id=\"5b1440b\" data-element_type=\"column\" data-e-type=\"column\">\n\t\t\t<div class=\"elementor-widget-wrap elementor-element-populated\">\n\t\t\t\t\t\t<div class=\"elementor-element elementor-element-9b2bce6 elementor-widget elementor-widget-text-editor\" data-id=\"9b2bce6\" data-element_type=\"widget\" data-e-type=\"widget\" data-widget_type=\"text-editor.default\">\n\t\t\t\t<div class=\"elementor-widget-container\">\n\t\t\t\t\t\t\t\t\t<p>In der Automatisierungstechnik sind f\u00fcr eine verbesserte Prozess-Transparenz &#8222;Vor Ort&#8220;-Anzeigen unerl\u00e4sslich. Dabei macht es keinen Unterschied, ob die Anzeige vor Ort im Ex-Bereich eingesetzt wird oder nicht.<\/p><p>G\u00f6nnheimer bietet seinen Kunden eine Auswahl von Ex-Anzeigeger\u00e4ten, die dem Betreiber eine verl\u00e4ssliche Beobachtung des Prozesses im Ex-Bereich der Zone 1, 21 sowie 2 und 22 erm\u00f6glichen.<\/p><p>Die Anzeigen sind in der Ex-Schutzart &#8222;Eigensicherheit&#8220; konzipiert, um dem Betreiber die maximale Flexibilit\u00e4t in Installation und Instandhaltung zu gew\u00e4hrleisten.<\/p>\t\t\t\t\t\t\t\t<\/div>\n\t\t\t\t<\/div>\n\t\t\t\t<div class=\"elementor-element elementor-element-28fc8b3 elementor-grid-3 elementor-grid-tablet-2 elementor-grid-mobile-1 elementor-widget elementor-widget-loop-grid\" data-id=\"28fc8b3\" data-element_type=\"widget\" data-e-type=\"widget\" data-settings=\"{&quot;template_id&quot;:499,&quot;columns&quot;:3,&quot;_skin&quot;:&quot;post&quot;,&quot;columns_tablet&quot;:&quot;2&quot;,&quot;columns_mobile&quot;:&quot;1&quot;,&quot;edit_handle_selector&quot;:&quot;[data-elementor-type=\\&quot;loop-item\\&quot;]&quot;,&quot;row_gap&quot;:{&quot;unit&quot;:&quot;px&quot;,&quot;size&quot;:&quot;&quot;,&quot;sizes&quot;:[]},&quot;row_gap_tablet&quot;:{&quot;unit&quot;:&quot;px&quot;,&quot;size&quot;:&quot;&quot;,&quot;sizes&quot;:[]},&quot;row_gap_mobile&quot;:{&quot;unit&quot;:&quot;px&quot;,&quot;size&quot;:&quot;&quot;,&quot;sizes&quot;:[]}}\" data-widget_type=\"loop-grid.post\">\n\t\t\t\t<div class=\"elementor-widget-container\">\n\t\t\t\t\t\t\t<div class=\"elementor-loop-container elementor-grid\" role=\"list\">\n\t\t<style id=\"loop-499\">.elementor-499 .elementor-element.elementor-element-46287bf > .elementor-element-populated{box-shadow:0px 0px 7px 0px rgba(135, 135, 135, 0.5);padding:16px 0px 16px 0px;}.elementor-widget-theme-post-title .elementor-heading-title{font-family:var( --e-global-typography-primary-font-family ), Sans-serif;font-weight:var( --e-global-typography-primary-font-weight );color:var( --e-global-color-primary );}.elementor-499 .elementor-element.elementor-element-bbc61aa{text-align:center;width:var( --container-widget-width, 100% );max-width:100%;--container-widget-width:100%;--container-widget-flex-grow:0;}.elementor-499 .elementor-element.elementor-element-bbc61aa .elementor-heading-title{font-family:\"Noto Sans\", Sans-serif;font-weight:500;line-height:31px;}.elementor-499 .elementor-element.elementor-element-bbc61aa > .elementor-widget-container{padding:0px 10px 0px 10px;}.elementor-widget-theme-post-featured-image .widget-image-caption{color:var( --e-global-color-text );font-family:var( --e-global-typography-text-font-family ), Sans-serif;font-weight:var( --e-global-typography-text-font-weight );}.elementor-499 .elementor-element.elementor-element-252e5ad img{height:250px;object-fit:contain;object-position:center center;}.elementor-499 .elementor-element.elementor-element-252e5ad > .elementor-widget-container{padding:0px 18px 0px 18px;}.elementor-widget-text-editor{font-family:var( --e-global-typography-text-font-family ), Sans-serif;font-weight:var( --e-global-typography-text-font-weight );color:var( --e-global-color-text );}.elementor-widget-text-editor.elementor-drop-cap-view-stacked .elementor-drop-cap{background-color:var( --e-global-color-primary );}.elementor-widget-text-editor.elementor-drop-cap-view-framed .elementor-drop-cap, .elementor-widget-text-editor.elementor-drop-cap-view-default .elementor-drop-cap{color:var( --e-global-color-primary );border-color:var( --e-global-color-primary );}.elementor-499 .elementor-element.elementor-element-2c91217{text-align:center;}.elementor-499 .elementor-element.elementor-element-2c91217 > .elementor-widget-container{padding:18px 18px 18px 18px;}\/* Start custom CSS for theme-post-title, class: .elementor-element-bbc61aa *\/.elementor-499 .elementor-element.elementor-element-bbc61aa {\n    height: 56px\n}\/* End custom CSS *\/\n\/* Start custom CSS for text-editor, class: .elementor-element-2c91217 *\/.elementor-499 .elementor-element.elementor-element-2c91217 {\n    height: 90px;\n    overflow: hidden;\n\n}\/* End custom CSS *\/<\/style>\t\t<div data-elementor-type=\"loop-item\" data-elementor-id=\"499\" class=\"elementor elementor-499 e-loop-item e-loop-item-915 post-915 page type-page status-publish has-post-thumbnail hentry\" data-elementor-post-type=\"elementor_library\" data-custom-edit-handle=\"1\">\n\t\t\t\t\t<section class=\"elementor-section elementor-top-section elementor-element elementor-element-388305f elementor-section-boxed elementor-section-height-default elementor-section-height-default\" data-id=\"388305f\" data-element_type=\"section\" data-e-type=\"section\">\n\t\t\t\t\t\t<div class=\"elementor-container elementor-column-gap-default\">\n\t\t\t\t\t<div class=\"elementor-column elementor-col-100 elementor-top-column elementor-element elementor-element-46287bf\" data-id=\"46287bf\" data-element_type=\"column\" data-e-type=\"column\">\n\t\t\t<div class=\"elementor-widget-wrap elementor-element-populated\">\n\t\t\t\t\t\t<div class=\"elementor-element elementor-element-bbc61aa elementor-widget__width-initial elementor-widget elementor-widget-theme-post-title elementor-page-title elementor-widget-heading\" data-id=\"bbc61aa\" data-element_type=\"widget\" data-e-type=\"widget\" data-widget_type=\"theme-post-title.default\">\n\t\t\t\t<div class=\"elementor-widget-container\">\n\t\t\t\t\t<h3 class=\"elementor-heading-title elementor-size-default\"><a href=\"https:\/\/www.goennheimer.de\/en\/4-20-ma-anzeigetechnik-d122a\/\">4-20 mA Anzeigetechnik D122A<\/a><\/h3>\t\t\t\t<\/div>\n\t\t\t\t<\/div>\n\t\t\t\t<div class=\"elementor-element elementor-element-252e5ad elementor-widget elementor-widget-theme-post-featured-image elementor-widget-image\" data-id=\"252e5ad\" data-element_type=\"widget\" data-e-type=\"widget\" data-widget_type=\"theme-post-featured-image.default\">\n\t\t\t\t<div class=\"elementor-widget-container\">\n\t\t\t\t\t\t\t\t\t\t\t\t\t\t\t\t<a href=\"https:\/\/www.goennheimer.de\/en\/4-20-ma-anzeigetechnik-d122a\/\">\n\t\t\t\t\t\t\t<img fetchpriority=\"high\" decoding=\"async\" width=\"800\" height=\"886\" src=\"https:\/\/www.goennheimer.de\/wp-content\/uploads\/2023\/05\/D122.PA_.7_1024-925x1024.jpg\" class=\"elementor-animation-grow attachment-large size-large wp-image-1003\" alt=\"\" srcset=\"https:\/\/www.goennheimer.de\/wp-content\/uploads\/2023\/05\/D122.PA_.7_1024-925x1024.jpg 925w, https:\/\/www.goennheimer.de\/wp-content\/uploads\/2023\/05\/D122.PA_.7_1024-271x300.jpg 271w, https:\/\/www.goennheimer.de\/wp-content\/uploads\/2023\/05\/D122.PA_.7_1024-768x850.jpg 768w, https:\/\/www.goennheimer.de\/wp-content\/uploads\/2023\/05\/D122.PA_.7_1024-11x12.jpg 11w, https:\/\/www.goennheimer.de\/wp-content\/uploads\/2023\/05\/D122.PA_.7_1024.jpg 1024w\" sizes=\"(max-width: 800px) 100vw, 800px\" \/>\t\t\t\t\t\t\t\t<\/a>\n\t\t\t\t\t\t\t\t\t\t\t\t\t\t\t<\/div>\n\t\t\t\t<\/div>\n\t\t\t\t<div class=\"elementor-element elementor-element-2c91217 elementor-widget elementor-widget-text-editor\" data-id=\"2c91217\" data-element_type=\"widget\" data-e-type=\"widget\" data-widget_type=\"text-editor.default\">\n\t\t\t\t<div class=\"elementor-widget-container\">\n\t\t\t\t\t\t\t\t\tAnzeige von Messwerten aus eigensicheren 4-20 mA Stromkreisen im Ex-Bereich\t\t\t\t\t\t\t\t<\/div>\n\t\t\t\t<\/div>\n\t\t\t\t\t<\/div>\n\t\t<\/div>\n\t\t\t\t\t<\/div>\n\t\t<\/section>\n\t\t\t\t<\/div>\n\t\t\t\t<div data-elementor-type=\"loop-item\" data-elementor-id=\"499\" class=\"elementor elementor-499 e-loop-item e-loop-item-1173 post-1173 page type-page status-publish has-post-thumbnail hentry\" data-elementor-post-type=\"elementor_library\" data-custom-edit-handle=\"1\">\n\t\t\t\t\t<section class=\"elementor-section elementor-top-section elementor-element elementor-element-388305f elementor-section-boxed elementor-section-height-default elementor-section-height-default\" data-id=\"388305f\" data-element_type=\"section\" data-e-type=\"section\">\n\t\t\t\t\t\t<div class=\"elementor-container elementor-column-gap-default\">\n\t\t\t\t\t<div class=\"elementor-column elementor-col-100 elementor-top-column elementor-element elementor-element-46287bf\" data-id=\"46287bf\" data-element_type=\"column\" data-e-type=\"column\">\n\t\t\t<div class=\"elementor-widget-wrap elementor-element-populated\">\n\t\t\t\t\t\t<div class=\"elementor-element elementor-element-bbc61aa elementor-widget__width-initial elementor-widget elementor-widget-theme-post-title elementor-page-title elementor-widget-heading\" data-id=\"bbc61aa\" data-element_type=\"widget\" data-e-type=\"widget\" data-widget_type=\"theme-post-title.default\">\n\t\t\t\t<div class=\"elementor-widget-container\">\n\t\t\t\t\t<h3 class=\"elementor-heading-title elementor-size-default\"><a href=\"https:\/\/www.goennheimer.de\/en\/feldbus-anzeigetechnik-d122pa-ff\/\">Feldbus-Anzeigetechnik D122PA\/FF<\/a><\/h3>\t\t\t\t<\/div>\n\t\t\t\t<\/div>\n\t\t\t\t<div class=\"elementor-element elementor-element-252e5ad elementor-widget elementor-widget-theme-post-featured-image elementor-widget-image\" data-id=\"252e5ad\" data-element_type=\"widget\" data-e-type=\"widget\" data-widget_type=\"theme-post-featured-image.default\">\n\t\t\t\t<div class=\"elementor-widget-container\">\n\t\t\t\t\t\t\t\t\t\t\t\t\t\t\t\t<a href=\"https:\/\/www.goennheimer.de\/en\/feldbus-anzeigetechnik-d122pa-ff\/\">\n\t\t\t\t\t\t\t<img decoding=\"async\" width=\"800\" height=\"838\" src=\"https:\/\/www.goennheimer.de\/wp-content\/uploads\/2023\/05\/d122pa_1024-977x1024.jpg\" class=\"elementor-animation-grow attachment-large size-large wp-image-1176\" alt=\"\" srcset=\"https:\/\/www.goennheimer.de\/wp-content\/uploads\/2023\/05\/d122pa_1024-977x1024.jpg 977w, https:\/\/www.goennheimer.de\/wp-content\/uploads\/2023\/05\/d122pa_1024-286x300.jpg 286w, https:\/\/www.goennheimer.de\/wp-content\/uploads\/2023\/05\/d122pa_1024-768x805.jpg 768w, https:\/\/www.goennheimer.de\/wp-content\/uploads\/2023\/05\/d122pa_1024-11x12.jpg 11w, https:\/\/www.goennheimer.de\/wp-content\/uploads\/2023\/05\/d122pa_1024.jpg 1024w\" sizes=\"(max-width: 800px) 100vw, 800px\" \/>\t\t\t\t\t\t\t\t<\/a>\n\t\t\t\t\t\t\t\t\t\t\t\t\t\t\t<\/div>\n\t\t\t\t<\/div>\n\t\t\t\t<div class=\"elementor-element elementor-element-2c91217 elementor-widget elementor-widget-text-editor\" data-id=\"2c91217\" data-element_type=\"widget\" data-e-type=\"widget\" data-widget_type=\"text-editor.default\">\n\t\t\t\t<div class=\"elementor-widget-container\">\n\t\t\t\t\t\t\t\t\tAnzeige von Informationen der am Profibus PA- bzw. Fieldbus Foundation H1-Netzwerk angeschlossenen Feldbusteilnehmer\t\t\t\t\t\t\t\t<\/div>\n\t\t\t\t<\/div>\n\t\t\t\t\t<\/div>\n\t\t<\/div>\n\t\t\t\t\t<\/div>\n\t\t<\/section>\n\t\t\t\t<\/div>\n\t\t\t\t<div data-elementor-type=\"loop-item\" data-elementor-id=\"499\" class=\"elementor elementor-499 e-loop-item e-loop-item-2235 post-2235 page type-page status-publish has-post-thumbnail hentry\" data-elementor-post-type=\"elementor_library\" data-custom-edit-handle=\"1\">\n\t\t\t\t\t<section class=\"elementor-section elementor-top-section elementor-element elementor-element-388305f elementor-section-boxed elementor-section-height-default elementor-section-height-default\" data-id=\"388305f\" data-element_type=\"section\" data-e-type=\"section\">\n\t\t\t\t\t\t<div class=\"elementor-container elementor-column-gap-default\">\n\t\t\t\t\t<div class=\"elementor-column elementor-col-100 elementor-top-column elementor-element elementor-element-46287bf\" data-id=\"46287bf\" data-element_type=\"column\" data-e-type=\"column\">\n\t\t\t<div class=\"elementor-widget-wrap elementor-element-populated\">\n\t\t\t\t\t\t<div class=\"elementor-element elementor-element-bbc61aa elementor-widget__width-initial elementor-widget elementor-widget-theme-post-title elementor-page-title elementor-widget-heading\" data-id=\"bbc61aa\" data-element_type=\"widget\" data-e-type=\"widget\" data-widget_type=\"theme-post-title.default\">\n\t\t\t\t<div class=\"elementor-widget-container\">\n\t\t\t\t\t<h3 class=\"elementor-heading-title elementor-size-default\"><a href=\"https:\/\/www.goennheimer.de\/en\/summierzaehler-d122z\/\">Summierz\u00e4hler D122Z<\/a><\/h3>\t\t\t\t<\/div>\n\t\t\t\t<\/div>\n\t\t\t\t<div class=\"elementor-element elementor-element-252e5ad elementor-widget elementor-widget-theme-post-featured-image elementor-widget-image\" data-id=\"252e5ad\" data-element_type=\"widget\" data-e-type=\"widget\" data-widget_type=\"theme-post-featured-image.default\">\n\t\t\t\t<div class=\"elementor-widget-container\">\n\t\t\t\t\t\t\t\t\t\t\t\t\t\t\t\t<a href=\"https:\/\/www.goennheimer.de\/en\/summierzaehler-d122z\/\">\n\t\t\t\t\t\t\t<img fetchpriority=\"high\" decoding=\"async\" width=\"800\" height=\"886\" src=\"https:\/\/www.goennheimer.de\/wp-content\/uploads\/2023\/05\/D122.PA_.7_1024-925x1024.jpg\" class=\"elementor-animation-grow attachment-large size-large wp-image-1003\" alt=\"\" srcset=\"https:\/\/www.goennheimer.de\/wp-content\/uploads\/2023\/05\/D122.PA_.7_1024-925x1024.jpg 925w, https:\/\/www.goennheimer.de\/wp-content\/uploads\/2023\/05\/D122.PA_.7_1024-271x300.jpg 271w, https:\/\/www.goennheimer.de\/wp-content\/uploads\/2023\/05\/D122.PA_.7_1024-768x850.jpg 768w, https:\/\/www.goennheimer.de\/wp-content\/uploads\/2023\/05\/D122.PA_.7_1024-11x12.jpg 11w, https:\/\/www.goennheimer.de\/wp-content\/uploads\/2023\/05\/D122.PA_.7_1024.jpg 1024w\" sizes=\"(max-width: 800px) 100vw, 800px\" \/>\t\t\t\t\t\t\t\t<\/a>\n\t\t\t\t\t\t\t\t\t\t\t\t\t\t\t<\/div>\n\t\t\t\t<\/div>\n\t\t\t\t<div class=\"elementor-element elementor-element-2c91217 elementor-widget elementor-widget-text-editor\" data-id=\"2c91217\" data-element_type=\"widget\" data-e-type=\"widget\" data-widget_type=\"text-editor.default\">\n\t\t\t\t<div class=\"elementor-widget-container\">\n\t\t\t\t\t\t\t\t\tAnzeige von Messwerten aus eigensicheren 4-20 mA Stromkreisen im Ex-Bereich, aufsummiert \u00fcber die Zeit\t\t\t\t\t\t\t\t<\/div>\n\t\t\t\t<\/div>\n\t\t\t\t\t<\/div>\n\t\t<\/div>\n\t\t\t\t\t<\/div>\n\t\t<\/section>\n\t\t\t\t<\/div>\n\t\t\t\t<div data-elementor-type=\"loop-item\" data-elementor-id=\"499\" class=\"elementor elementor-499 e-loop-item e-loop-item-827 post-827 page type-page status-publish has-post-thumbnail hentry\" data-elementor-post-type=\"elementor_library\" data-custom-edit-handle=\"1\">\n\t\t\t\t\t<section class=\"elementor-section elementor-top-section elementor-element elementor-element-388305f elementor-section-boxed elementor-section-height-default elementor-section-height-default\" data-id=\"388305f\" data-element_type=\"section\" data-e-type=\"section\">\n\t\t\t\t\t\t<div class=\"elementor-container elementor-column-gap-default\">\n\t\t\t\t\t<div class=\"elementor-column elementor-col-100 elementor-top-column elementor-element elementor-element-46287bf\" data-id=\"46287bf\" data-element_type=\"column\" data-e-type=\"column\">\n\t\t\t<div class=\"elementor-widget-wrap elementor-element-populated\">\n\t\t\t\t\t\t<div class=\"elementor-element elementor-element-bbc61aa elementor-widget__width-initial elementor-widget elementor-widget-theme-post-title elementor-page-title elementor-widget-heading\" data-id=\"bbc61aa\" data-element_type=\"widget\" data-e-type=\"widget\" data-widget_type=\"theme-post-title.default\">\n\t\t\t\t<div class=\"elementor-widget-container\">\n\t\t\t\t\t<h3 class=\"elementor-heading-title elementor-size-default\"><a href=\"https:\/\/www.goennheimer.de\/en\/textanzeige-ta125\/\">Textanzeige TA125<\/a><\/h3>\t\t\t\t<\/div>\n\t\t\t\t<\/div>\n\t\t\t\t<div class=\"elementor-element elementor-element-252e5ad elementor-widget elementor-widget-theme-post-featured-image elementor-widget-image\" data-id=\"252e5ad\" data-element_type=\"widget\" data-e-type=\"widget\" data-widget_type=\"theme-post-featured-image.default\">\n\t\t\t\t<div class=\"elementor-widget-container\">\n\t\t\t\t\t\t\t\t\t\t\t\t\t\t\t\t<a href=\"https:\/\/www.goennheimer.de\/en\/textanzeige-ta125\/\">\n\t\t\t\t\t\t\t<img decoding=\"async\" width=\"800\" height=\"453\" src=\"https:\/\/www.goennheimer.de\/wp-content\/uploads\/2023\/07\/TA125_1200-1024x580.png\" class=\"elementor-animation-grow attachment-large size-large wp-image-2515\" alt=\"\" srcset=\"https:\/\/www.goennheimer.de\/wp-content\/uploads\/2023\/07\/TA125_1200-1024x580.png 1024w, https:\/\/www.goennheimer.de\/wp-content\/uploads\/2023\/07\/TA125_1200-300x170.png 300w, https:\/\/www.goennheimer.de\/wp-content\/uploads\/2023\/07\/TA125_1200-768x435.png 768w, https:\/\/www.goennheimer.de\/wp-content\/uploads\/2023\/07\/TA125_1200-18x10.png 18w, https:\/\/www.goennheimer.de\/wp-content\/uploads\/2023\/07\/TA125_1200.png 1200w\" sizes=\"(max-width: 800px) 100vw, 800px\" \/>\t\t\t\t\t\t\t\t<\/a>\n\t\t\t\t\t\t\t\t\t\t\t\t\t\t\t<\/div>\n\t\t\t\t<\/div>\n\t\t\t\t<div class=\"elementor-element elementor-element-2c91217 elementor-widget elementor-widget-text-editor\" data-id=\"2c91217\" data-element_type=\"widget\" data-e-type=\"widget\" data-widget_type=\"text-editor.default\">\n\t\t\t\t<div class=\"elementor-widget-container\">\n\t\t\t\t\t\t\t\t\tIdeale L\u00f6sung f\u00fcr Automatisierungsaufgaben, bei denen Industrie PC-Plattformen zu kostenintensiv sind\t\t\t\t\t\t\t\t<\/div>\n\t\t\t\t<\/div>\n\t\t\t\t\t<\/div>\n\t\t<\/div>\n\t\t\t\t\t<\/div>\n\t\t<\/section>\n\t\t\t\t<\/div>\n\t\t\t\t<div data-elementor-type=\"loop-item\" data-elementor-id=\"499\" class=\"elementor elementor-499 e-loop-item e-loop-item-835 post-835 page type-page status-publish has-post-thumbnail hentry\" data-elementor-post-type=\"elementor_library\" data-custom-edit-handle=\"1\">\n\t\t\t\t\t<section class=\"elementor-section elementor-top-section elementor-element elementor-element-388305f elementor-section-boxed elementor-section-height-default elementor-section-height-default\" data-id=\"388305f\" data-element_type=\"section\" data-e-type=\"section\">\n\t\t\t\t\t\t<div class=\"elementor-container elementor-column-gap-default\">\n\t\t\t\t\t<div class=\"elementor-column elementor-col-100 elementor-top-column elementor-element elementor-element-46287bf\" data-id=\"46287bf\" data-element_type=\"column\" data-e-type=\"column\">\n\t\t\t<div class=\"elementor-widget-wrap elementor-element-populated\">\n\t\t\t\t\t\t<div class=\"elementor-element elementor-element-bbc61aa elementor-widget__width-initial elementor-widget elementor-widget-theme-post-title elementor-page-title elementor-widget-heading\" data-id=\"bbc61aa\" data-element_type=\"widget\" data-e-type=\"widget\" data-widget_type=\"theme-post-title.default\">\n\t\t\t\t<div class=\"elementor-widget-container\">\n\t\t\t\t\t<h3 class=\"elementor-heading-title elementor-size-default\"><a href=\"https:\/\/www.goennheimer.de\/en\/ex-p-grossanzeigen\/\">Ex p-Gro\u00dfanzeigen<\/a><\/h3>\t\t\t\t<\/div>\n\t\t\t\t<\/div>\n\t\t\t\t<div class=\"elementor-element elementor-element-252e5ad elementor-widget elementor-widget-theme-post-featured-image elementor-widget-image\" data-id=\"252e5ad\" data-element_type=\"widget\" data-e-type=\"widget\" data-widget_type=\"theme-post-featured-image.default\">\n\t\t\t\t<div class=\"elementor-widget-container\">\n\t\t\t\t\t\t\t\t\t\t\t\t\t\t\t\t<a href=\"https:\/\/www.goennheimer.de\/en\/ex-p-grossanzeigen\/\">\n\t\t\t\t\t\t\t<img loading=\"lazy\" decoding=\"async\" width=\"800\" height=\"366\" src=\"https:\/\/www.goennheimer.de\/wp-content\/uploads\/2023\/05\/Grossanzeige_frei-1024x468.png\" class=\"elementor-animation-grow attachment-large size-large wp-image-841\" alt=\"\" srcset=\"https:\/\/www.goennheimer.de\/wp-content\/uploads\/2023\/05\/Grossanzeige_frei-1024x468.png 1024w, https:\/\/www.goennheimer.de\/wp-content\/uploads\/2023\/05\/Grossanzeige_frei-300x137.png 300w, https:\/\/www.goennheimer.de\/wp-content\/uploads\/2023\/05\/Grossanzeige_frei-768x351.png 768w, https:\/\/www.goennheimer.de\/wp-content\/uploads\/2023\/05\/Grossanzeige_frei-1536x702.png 1536w, https:\/\/www.goennheimer.de\/wp-content\/uploads\/2023\/05\/Grossanzeige_frei-2048x936.png 2048w, https:\/\/www.goennheimer.de\/wp-content\/uploads\/2023\/05\/Grossanzeige_frei-18x8.png 18w\" sizes=\"(max-width: 800px) 100vw, 800px\" \/>\t\t\t\t\t\t\t\t<\/a>\n\t\t\t\t\t\t\t\t\t\t\t\t\t\t\t<\/div>\n\t\t\t\t<\/div>\n\t\t\t\t<div class=\"elementor-element elementor-element-2c91217 elementor-widget elementor-widget-text-editor\" data-id=\"2c91217\" data-element_type=\"widget\" data-e-type=\"widget\" data-widget_type=\"text-editor.default\">\n\t\t\t\t<div class=\"elementor-widget-container\">\n\t\t\t\t\t\t\t\t\tMatrix- und 7-Segment-LED-Visualisierungs-l\u00f6sungen f\u00fcr die verschiedensten Anforderungen in den Ex-Zonen 1\/21 &amp; 2\/22\t\t\t\t\t\t\t\t<\/div>\n\t\t\t\t<\/div>\n\t\t\t\t\t<\/div>\n\t\t<\/div>\n\t\t\t\t\t<\/div>\n\t\t<\/section>\n\t\t\t\t<\/div>\n\t\t\t\t<\/div>\n\t\t\n\t\t\t\t\t\t<\/div>\n\t\t\t\t<\/div>\n\t\t\t\t\t<\/div>\n\t\t<\/div>\n\t\t\t\t\t<\/div>\n\t\t<\/section>\n\t\t\t\t<section class=\"elementor-section elementor-top-section elementor-element elementor-element-3e2d7ca4 elementor-section-boxed elementor-section-height-default elementor-section-height-default\" data-id=\"3e2d7ca4\" data-element_type=\"section\" data-e-type=\"section\">\n\t\t\t\t\t\t<div class=\"elementor-container elementor-column-gap-default\">\n\t\t\t\t\t<div class=\"elementor-column elementor-col-100 elementor-top-column elementor-element elementor-element-7967719e\" data-id=\"7967719e\" data-element_type=\"column\" data-e-type=\"column\">\n\t\t\t<div class=\"elementor-widget-wrap elementor-element-populated\">\n\t\t\t\t\t\t<div class=\"elementor-element elementor-element-db5e73e elementor-widget elementor-widget-spacer\" data-id=\"db5e73e\" data-element_type=\"widget\" data-e-type=\"widget\" data-widget_type=\"spacer.default\">\n\t\t\t\t<div class=\"elementor-widget-container\">\n\t\t\t\t\t\t\t<div class=\"elementor-spacer\">\n\t\t\t<div class=\"elementor-spacer-inner\"><\/div>\n\t\t<\/div>\n\t\t\t\t\t\t<\/div>\n\t\t\t\t<\/div>\n\t\t\t\t\t<\/div>\n\t\t<\/div>\n\t\t\t\t\t<\/div>\n\t\t<\/section>\n\t\t\t\t<\/div>\n\t\t","protected":false},"excerpt":{"rendered":"<p>Ex-Anzeigentechnik In der Automatisierungstechnik sind f\u00fcr eine verbesserte Prozess-Transparenz &#8222;Vor Ort&#8220;-Anzeigen unerl\u00e4sslich. Dabei macht es keinen Unterschied, ob die Anzeige vor Ort im Ex-Bereich eingesetzt wird oder nicht. G\u00f6nnheimer bietet seinen Kunden eine Auswahl von Ex-Anzeigeger\u00e4ten, die dem Betreiber eine verl\u00e4ssliche Beobachtung des Prozesses im Ex-Bereich der Zone 1, 21 sowie 2 und 22 erm\u00f6glichen. [&hellip;]<\/p>\n","protected":false},"author":1,"featured_media":0,"parent":0,"menu_order":0,"comment_status":"closed","ping_status":"closed","template":"elementor_header_footer","meta":{"footnotes":""},"class_list":["post-2125","page","type-page","status-publish","hentry"],"_links":{"self":[{"href":"https:\/\/www.goennheimer.de\/en\/wp-json\/wp\/v2\/pages\/2125","targetHints":{"allow":["GET"]}}],"collection":[{"href":"https:\/\/www.goennheimer.de\/en\/wp-json\/wp\/v2\/pages"}],"about":[{"href":"https:\/\/www.goennheimer.de\/en\/wp-json\/wp\/v2\/types\/page"}],"author":[{"embeddable":true,"href":"https:\/\/www.goennheimer.de\/en\/wp-json\/wp\/v2\/users\/1"}],"replies":[{"embeddable":true,"href":"https:\/\/www.goennheimer.de\/en\/wp-json\/wp\/v2\/comments?post=2125"}],"version-history":[{"count":18,"href":"https:\/\/www.goennheimer.de\/en\/wp-json\/wp\/v2\/pages\/2125\/revisions"}],"predecessor-version":[{"id":2669,"href":"https:\/\/www.goennheimer.de\/en\/wp-json\/wp\/v2\/pages\/2125\/revisions\/2669"}],"wp:attachment":[{"href":"https:\/\/www.goennheimer.de\/en\/wp-json\/wp\/v2\/media?parent=2125"}],"curies":[{"name":"wp","href":"https:\/\/api.w.org\/{rel}","templated":true}]}}