{"id":484,"date":"2023-05-05T12:07:11","date_gmt":"2023-05-05T12:07:11","guid":{"rendered":"https:\/\/www.goennheimer.de\/?page_id=484"},"modified":"2023-05-11T09:17:27","modified_gmt":"2023-05-11T09:17:27","slug":"wageterminal-wt158","status":"publish","type":"page","link":"https:\/\/www.goennheimer.de\/en\/wageterminal-wt158\/","title":{"rendered":"W\u00e4geterminal WT158"},"content":{"rendered":"<div data-elementor-type=\"wp-page\" data-elementor-id=\"484\" class=\"elementor elementor-484\" data-elementor-post-type=\"page\">\n\t\t\t\t\t\t<section class=\"elementor-section elementor-top-section elementor-element elementor-element-f500801 elementor-section-boxed elementor-section-height-default elementor-section-height-default\" data-id=\"f500801\" data-element_type=\"section\" data-e-type=\"section\">\n\t\t\t\t\t\t<div class=\"elementor-container elementor-column-gap-default\">\n\t\t\t\t\t<div class=\"elementor-column elementor-col-100 elementor-top-column elementor-element elementor-element-86fbac5\" data-id=\"86fbac5\" data-element_type=\"column\" data-e-type=\"column\">\n\t\t\t<div class=\"elementor-widget-wrap elementor-element-populated\">\n\t\t\t\t\t\t\t<\/div>\n\t\t<\/div>\n\t\t\t\t\t<\/div>\n\t\t<\/section>\n\t\t\t\t<section class=\"elementor-section elementor-top-section elementor-element elementor-element-5844409 elementor-section-boxed elementor-section-height-default elementor-section-height-default\" data-id=\"5844409\" data-element_type=\"section\" data-e-type=\"section\">\n\t\t\t\t\t\t<div class=\"elementor-container elementor-column-gap-default\">\n\t\t\t\t\t<div class=\"elementor-column elementor-col-100 elementor-top-column elementor-element elementor-element-bfb3255\" data-id=\"bfb3255\" data-element_type=\"column\" data-e-type=\"column\">\n\t\t\t<div class=\"elementor-widget-wrap elementor-element-populated\">\n\t\t\t\t\t\t<div class=\"elementor-element elementor-element-e8af027 elementor-widget elementor-widget-text-editor\" data-id=\"e8af027\" data-element_type=\"widget\" data-e-type=\"widget\" data-widget_type=\"text-editor.default\">\n\t\t\t\t<div class=\"elementor-widget-container\">\n\t\t\t\t\t\t\t\t\t<p><span class=\"markedContent\"><span dir=\"ltr\" role=\"presentation\">Das W\u00e4geterminal WT158 dient zur einfachen und kosteng\u00fcnstigen Installation einer Waage <\/span><\/span><span class=\"markedContent\"><span dir=\"ltr\" role=\"presentation\">im Ex-Bereich.<\/span><\/span><strong><span class=\"markedContent\"><br \/><\/span><\/strong><\/p>\t\t\t\t\t\t\t\t<\/div>\n\t\t\t\t<\/div>\n\t\t\t\t\t<\/div>\n\t\t<\/div>\n\t\t\t\t\t<\/div>\n\t\t<\/section>\n\t\t\t\t<section class=\"elementor-section elementor-top-section elementor-element elementor-element-da145ce elementor-reverse-mobile elementor-section-boxed elementor-section-height-default elementor-section-height-default\" data-id=\"da145ce\" data-element_type=\"section\" data-e-type=\"section\">\n\t\t\t\t\t\t<div class=\"elementor-container elementor-column-gap-default\">\n\t\t\t\t\t<div class=\"elementor-column elementor-col-50 elementor-top-column elementor-element elementor-element-122b019\" data-id=\"122b019\" data-element_type=\"column\" data-e-type=\"column\">\n\t\t\t<div class=\"elementor-widget-wrap elementor-element-populated\">\n\t\t\t\t\t\t<div class=\"elementor-element elementor-element-721d527 elementor-widget-divider--view-line_text elementor-widget-divider--element-align-center elementor-widget elementor-widget-divider\" data-id=\"721d527\" data-element_type=\"widget\" data-e-type=\"widget\" data-widget_type=\"divider.default\">\n\t\t\t\t<div class=\"elementor-widget-container\">\n\t\t\t\t\t\t\t<div class=\"elementor-divider\">\n\t\t\t<span class=\"elementor-divider-separator\">\n\t\t\t\t\t\t\t<span class=\"elementor-divider__text elementor-divider__element\">\n\t\t\t\tFeatures\t\t\t\t<\/span>\n\t\t\t\t\t\t<\/span>\n\t\t<\/div>\n\t\t\t\t\t\t<\/div>\n\t\t\t\t<\/div>\n\t\t\t\t<div class=\"elementor-element elementor-element-fdc166c elementor-widget elementor-widget-text-editor\" data-id=\"fdc166c\" data-element_type=\"widget\" data-e-type=\"widget\" data-widget_type=\"text-editor.default\">\n\t\t\t\t<div class=\"elementor-widget-container\">\n\t\t\t\t\t\t\t\t\t<ul><li><span class=\"markedContent\"><span dir=\"ltr\" role=\"presentation\">Einsatz in der Ex-Zone 1 &amp; 2<\/span><br \/><\/span><\/li><li><span class=\"markedContent\"><span dir=\"ltr\" role=\"presentation\">Display: 5-stellige 7-Segmentanzeige mit 30 mm Ziffern<\/span><span dir=\"ltr\" role=\"presentation\">h\u00f6he<\/span><\/span><\/li><li><span class=\"markedContent\"><span dir=\"ltr\" role=\"presentation\">Schutzklasse IP65<\/span><\/span><\/li><li><span class=\"markedContent\"><span dir=\"ltr\" role=\"presentation\">Direkter Anschluss der W\u00e4gezellen bis zu einem resultierenden <\/span><span dir=\"ltr\" role=\"presentation\">B\u00fcrdenwiderstand gr\u00f6\u00dfer 85 <\/span><span dir=\"ltr\" role=\"presentation\">\u2126<\/span><\/span><\/li><li><span class=\"markedContent\"><span dir=\"ltr\" role=\"presentation\">Ein digitaler Schaltausgang vorhanden<\/span><\/span><\/li><li><span class=\"markedContent\"><span dir=\"ltr\" role=\"presentation\"> Optional ein Analogausgang oder eine TTY-Schnittstelle<\/span><br role=\"presentation\" \/><span dir=\"ltr\" role=\"presentation\">vorhanden<\/span><\/span><\/li><\/ul>\t\t\t\t\t\t\t\t<\/div>\n\t\t\t\t<\/div>\n\t\t\t\t<div class=\"elementor-element elementor-element-339ce85 elementor-widget-divider--view-line elementor-widget elementor-widget-divider\" data-id=\"339ce85\" data-element_type=\"widget\" data-e-type=\"widget\" data-widget_type=\"divider.default\">\n\t\t\t\t<div class=\"elementor-widget-container\">\n\t\t\t\t\t\t\t<div class=\"elementor-divider\">\n\t\t\t<span class=\"elementor-divider-separator\">\n\t\t\t\t\t\t<\/span>\n\t\t<\/div>\n\t\t\t\t\t\t<\/div>\n\t\t\t\t<\/div>\n\t\t\t\t<div class=\"elementor-element elementor-element-c2861d9 elementor-widget__width-initial elementor-widget elementor-widget-toggle\" data-id=\"c2861d9\" data-element_type=\"widget\" data-e-type=\"widget\" data-widget_type=\"toggle.default\">\n\t\t\t\t<div class=\"elementor-widget-container\">\n\t\t\t\t\t\t\t<div class=\"elementor-toggle\">\n\t\t\t\t\t\t\t<div class=\"elementor-toggle-item\">\n\t\t\t\t\t<div id=\"elementor-tab-title-2031\" class=\"elementor-tab-title\" data-tab=\"1\" role=\"button\" aria-controls=\"elementor-tab-content-2031\" aria-expanded=\"false\">\n\t\t\t\t\t\t\t\t\t\t\t\t<span class=\"elementor-toggle-icon elementor-toggle-icon-left\" aria-hidden=\"true\">\n\t\t\t\t\t\t\t\t\t\t\t\t\t\t\t<span class=\"elementor-toggle-icon-closed\"><i class=\"fas fa-angle-down\"><\/i><\/span>\n\t\t\t\t\t\t\t\t<span class=\"elementor-toggle-icon-opened\"><i class=\"elementor-toggle-icon-opened fas fa-angle-up\"><\/i><\/span>\n\t\t\t\t\t\t\t\t\t\t\t\t\t<\/span>\n\t\t\t\t\t\t\t\t\t\t\t\t<a class=\"elementor-toggle-title\" tabindex=\"0\">Downloads<\/a>\n\t\t\t\t\t<\/div>\n\n\t\t\t\t\t<div id=\"elementor-tab-content-2031\" class=\"elementor-tab-content elementor-clearfix\" data-tab=\"1\" role=\"region\" aria-labelledby=\"elementor-tab-title-2031\"><p><a href=\"http:\/\/www.goennheimer.de\/en\/\">Benutzerhandbuch<\/a><br \/><a href=\"http:\/\/www.goennheimer.de\/en\/\">Datenblatt<\/a><br \/><a href=\"http:\/\/www.goennheimer.de\/en\/\">Spezifkationen<\/a><\/p><\/div>\n\t\t\t\t<\/div>\n\t\t\t\t\t\t\t\t<\/div>\n\t\t\t\t\t\t<\/div>\n\t\t\t\t<\/div>\n\t\t\t\t\t<\/div>\n\t\t<\/div>\n\t\t\t\t<div class=\"elementor-column elementor-col-50 elementor-top-column elementor-element elementor-element-40983e9\" data-id=\"40983e9\" data-element_type=\"column\" data-e-type=\"column\">\n\t\t\t<div class=\"elementor-widget-wrap elementor-element-populated\">\n\t\t\t\t\t\t<div class=\"elementor-element elementor-element-3e9ee00 elementor-hidden-mobile elementor-widget elementor-widget-spacer\" data-id=\"3e9ee00\" data-element_type=\"widget\" data-e-type=\"widget\" data-widget_type=\"spacer.default\">\n\t\t\t\t<div class=\"elementor-widget-container\">\n\t\t\t\t\t\t\t<div class=\"elementor-spacer\">\n\t\t\t<div class=\"elementor-spacer-inner\"><\/div>\n\t\t<\/div>\n\t\t\t\t\t\t<\/div>\n\t\t\t\t<\/div>\n\t\t\t\t<div class=\"elementor-element elementor-element-b665012 elementor-widget elementor-widget-image\" data-id=\"b665012\" data-element_type=\"widget\" data-e-type=\"widget\" data-widget_type=\"image.default\">\n\t\t\t\t<div class=\"elementor-widget-container\">\n\t\t\t\t\t\t\t\t\t\t\t\t\t\t\t<img fetchpriority=\"high\" decoding=\"async\" width=\"600\" height=\"525\" src=\"https:\/\/www.goennheimer.de\/wp-content\/uploads\/2023\/04\/ATEX-Zertifizierung_gc_01psd.webp\" class=\"attachment-large size-large wp-image-80\" alt=\"\" srcset=\"https:\/\/www.goennheimer.de\/wp-content\/uploads\/2023\/04\/ATEX-Zertifizierung_gc_01psd.webp 600w, https:\/\/www.goennheimer.de\/wp-content\/uploads\/2023\/04\/ATEX-Zertifizierung_gc_01psd-300x263.webp 300w, https:\/\/www.goennheimer.de\/wp-content\/uploads\/2023\/04\/ATEX-Zertifizierung_gc_01psd-14x12.webp 14w\" sizes=\"(max-width: 600px) 100vw, 600px\" \/>\t\t\t\t\t\t\t\t\t\t\t\t\t\t\t<\/div>\n\t\t\t\t<\/div>\n\t\t\t\t\t<\/div>\n\t\t<\/div>\n\t\t\t\t\t<\/div>\n\t\t<\/section>\n\t\t\t\t<section class=\"elementor-section elementor-top-section elementor-element elementor-element-94110bb elementor-section-boxed elementor-section-height-default elementor-section-height-default\" data-id=\"94110bb\" data-element_type=\"section\" data-e-type=\"section\">\n\t\t\t\t\t\t<div class=\"elementor-container elementor-column-gap-default\">\n\t\t\t\t\t<div class=\"elementor-column elementor-col-100 elementor-top-column elementor-element elementor-element-586f59b7\" data-id=\"586f59b7\" data-element_type=\"column\" data-e-type=\"column\">\n\t\t\t<div class=\"elementor-widget-wrap elementor-element-populated\">\n\t\t\t\t\t\t<div class=\"elementor-element elementor-element-5bf8cb89 elementor-widget elementor-widget-spacer\" data-id=\"5bf8cb89\" data-element_type=\"widget\" data-e-type=\"widget\" data-widget_type=\"spacer.default\">\n\t\t\t\t<div class=\"elementor-widget-container\">\n\t\t\t\t\t\t\t<div class=\"elementor-spacer\">\n\t\t\t<div class=\"elementor-spacer-inner\"><\/div>\n\t\t<\/div>\n\t\t\t\t\t\t<\/div>\n\t\t\t\t<\/div>\n\t\t\t\t\t<\/div>\n\t\t<\/div>\n\t\t\t\t\t<\/div>\n\t\t<\/section>\n\t\t\t\t<\/div>","protected":false},"excerpt":{"rendered":"<p>Geeignet zur einfachen und kosteng\u00fcnstigen Installation einer Waage im Ex-Bereich<\/p>","protected":false},"author":1,"featured_media":80,"parent":0,"menu_order":0,"comment_status":"closed","ping_status":"closed","template":"elementor_header_footer","meta":{"footnotes":""},"class_list":["post-484","page","type-page","status-publish","has-post-thumbnail","hentry"],"_links":{"self":[{"href":"https:\/\/www.goennheimer.de\/en\/wp-json\/wp\/v2\/pages\/484","targetHints":{"allow":["GET"]}}],"collection":[{"href":"https:\/\/www.goennheimer.de\/en\/wp-json\/wp\/v2\/pages"}],"about":[{"href":"https:\/\/www.goennheimer.de\/en\/wp-json\/wp\/v2\/types\/page"}],"author":[{"embeddable":true,"href":"https:\/\/www.goennheimer.de\/en\/wp-json\/wp\/v2\/users\/1"}],"replies":[{"embeddable":true,"href":"https:\/\/www.goennheimer.de\/en\/wp-json\/wp\/v2\/comments?post=484"}],"version-history":[{"count":37,"href":"https:\/\/www.goennheimer.de\/en\/wp-json\/wp\/v2\/pages\/484\/revisions"}],"predecessor-version":[{"id":889,"href":"https:\/\/www.goennheimer.de\/en\/wp-json\/wp\/v2\/pages\/484\/revisions\/889"}],"wp:featuredmedia":[{"embeddable":true,"href":"https:\/\/www.goennheimer.de\/en\/wp-json\/wp\/v2\/media\/80"}],"wp:attachment":[{"href":"https:\/\/www.goennheimer.de\/en\/wp-json\/wp\/v2\/media?parent=484"}],"curies":[{"name":"wp","href":"https:\/\/api.w.org\/{rel}","templated":true}]}}