{"id":50,"date":"2023-04-14T13:43:24","date_gmt":"2023-04-14T13:43:24","guid":{"rendered":"https:\/\/www.goennheimer.de\/?page_id=50"},"modified":"2025-03-31T13:14:49","modified_gmt":"2025-03-31T12:14:49","slug":"impressum","status":"publish","type":"page","link":"https:\/\/www.goennheimer.de\/en\/impressum\/","title":{"rendered":"Imprint"},"content":{"rendered":"<div data-elementor-type=\"wp-page\" data-elementor-id=\"50\" class=\"elementor elementor-50\" data-elementor-post-type=\"page\">\n\t\t\t\t\t\t<section class=\"elementor-section elementor-top-section elementor-element elementor-element-35d272d4 elementor-section-boxed elementor-section-height-default elementor-section-height-default\" data-id=\"35d272d4\" data-element_type=\"section\" data-e-type=\"section\">\n\t\t\t\t\t\t<div class=\"elementor-container elementor-column-gap-default\">\n\t\t\t\t\t<div class=\"elementor-column elementor-col-100 elementor-top-column elementor-element elementor-element-4e3e50eb\" data-id=\"4e3e50eb\" data-element_type=\"column\" data-e-type=\"column\">\n\t\t\t<div class=\"elementor-widget-wrap elementor-element-populated\">\n\t\t\t\t\t\t\t<\/div>\n\t\t<\/div>\n\t\t\t\t\t<\/div>\n\t\t<\/section>\n\t\t\t\t<section class=\"elementor-section elementor-top-section elementor-element elementor-element-07259c6 elementor-section-boxed elementor-section-height-default elementor-section-height-default\" data-id=\"07259c6\" data-element_type=\"section\" data-e-type=\"section\">\n\t\t\t\t\t\t<div class=\"elementor-container elementor-column-gap-default\">\n\t\t\t\t\t<div class=\"elementor-column elementor-col-100 elementor-top-column elementor-element elementor-element-62d3b2e\" data-id=\"62d3b2e\" data-element_type=\"column\" data-e-type=\"column\">\n\t\t\t<div class=\"elementor-widget-wrap elementor-element-populated\">\n\t\t\t\t\t\t<div class=\"elementor-element elementor-element-5f2e97b elementor-widget elementor-widget-text-editor\" data-id=\"5f2e97b\" data-element_type=\"widget\" data-e-type=\"widget\" data-widget_type=\"text-editor.default\">\n\t\t\t\t<div class=\"elementor-widget-container\">\n\t\t\t\t\t\t\t\t\t<p><strong>G\u00f6nnheimer Elektronic GmbH <\/strong><\/p><p>Nachtweide industrial park<br \/>Dr.-Julius-Leber-Stra\u00dfe 2<br \/>67433 Neustadt, Germany<\/p><p>P.O. Box 10 05 07 | 67405 Neustadt, Germany<\/p><p>Telefon: +49 (6321) 49919-0<br \/>Fax: +49 (6321) 49919-41<\/p><p>Tax-ID\u00a0 \u00a031\/652\/0032\/8<br \/>VAT-ID \u00a0DE 149390736<br \/>Registered: Ludwigshafen HRB Nr. 41731<\/p><p><strong>Managing director<\/strong><br \/>Dipl.-Ing. Hans P. G\u00f6nnheimer<br \/>Prof. Dr.-Ing. Christoph G\u00f6nnheimer<br \/>Dr.-Ing. Philipp G\u00f6nnheimer<\/p><p>\u00a0<\/p>\t\t\t\t\t\t\t\t<\/div>\n\t\t\t\t<\/div>\n\t\t\t\t\t<\/div>\n\t\t<\/div>\n\t\t\t\t\t<\/div>\n\t\t<\/section>\n\t\t\t\t<section class=\"elementor-section elementor-top-section elementor-element elementor-element-26c93e09 elementor-section-boxed elementor-section-height-default elementor-section-height-default\" data-id=\"26c93e09\" data-element_type=\"section\" data-e-type=\"section\">\n\t\t\t\t\t\t<div class=\"elementor-container elementor-column-gap-default\">\n\t\t\t\t\t<div class=\"elementor-column elementor-col-100 elementor-top-column elementor-element elementor-element-6910ec13\" data-id=\"6910ec13\" data-element_type=\"column\" data-e-type=\"column\">\n\t\t\t<div class=\"elementor-widget-wrap elementor-element-populated\">\n\t\t\t\t\t\t<div class=\"elementor-element elementor-element-f0054da elementor-widget elementor-widget-spacer\" data-id=\"f0054da\" data-element_type=\"widget\" data-e-type=\"widget\" data-widget_type=\"spacer.default\">\n\t\t\t\t<div class=\"elementor-widget-container\">\n\t\t\t\t\t\t\t<div class=\"elementor-spacer\">\n\t\t\t<div class=\"elementor-spacer-inner\"><\/div>\n\t\t<\/div>\n\t\t\t\t\t\t<\/div>\n\t\t\t\t<\/div>\n\t\t\t\t\t<\/div>\n\t\t<\/div>\n\t\t\t\t\t<\/div>\n\t\t<\/section>\n\t\t\t\t<\/div>","protected":false},"excerpt":{"rendered":"<p>G\u00f6nnheimer Elektronic GmbH Gewerbegebiet NachtweideDr.-Julius-Leber-Stra\u00dfe 267433 Neustadt Postfach 10 05 07 | 67405 Neustadt Telefon: +49 (6321) 49919-0Fax: +49 (6321) 49919-41 Steuer-Nr.\u00a0 \u00a031\/652\/0032\/8Ust.-Id Nr.\u00a0 \u00a0DE 149390736Registriert: Ludwigshafen HRB Nr. 41731 Gesch\u00e4ftsf\u00fchrerDipl.-Ing. Hans P. G\u00f6nnheimerProf. Dr.-Ing. Christoph G\u00f6nnheimerDr.-Ing. Philipp G\u00f6nnheimer \u00a0<\/p>","protected":false},"author":1,"featured_media":0,"parent":0,"menu_order":0,"comment_status":"closed","ping_status":"closed","template":"elementor_header_footer","meta":{"footnotes":""},"class_list":["post-50","page","type-page","status-publish","hentry"],"_links":{"self":[{"href":"https:\/\/www.goennheimer.de\/en\/wp-json\/wp\/v2\/pages\/50","targetHints":{"allow":["GET"]}}],"collection":[{"href":"https:\/\/www.goennheimer.de\/en\/wp-json\/wp\/v2\/pages"}],"about":[{"href":"https:\/\/www.goennheimer.de\/en\/wp-json\/wp\/v2\/types\/page"}],"author":[{"embeddable":true,"href":"https:\/\/www.goennheimer.de\/en\/wp-json\/wp\/v2\/users\/1"}],"replies":[{"embeddable":true,"href":"https:\/\/www.goennheimer.de\/en\/wp-json\/wp\/v2\/comments?post=50"}],"version-history":[{"count":46,"href":"https:\/\/www.goennheimer.de\/en\/wp-json\/wp\/v2\/pages\/50\/revisions"}],"predecessor-version":[{"id":3786,"href":"https:\/\/www.goennheimer.de\/en\/wp-json\/wp\/v2\/pages\/50\/revisions\/3786"}],"wp:attachment":[{"href":"https:\/\/www.goennheimer.de\/en\/wp-json\/wp\/v2\/media?parent=50"}],"curies":[{"name":"wp","href":"https:\/\/api.w.org\/{rel}","templated":true}]}}